{"id":62,"date":"2023-09-05T19:19:30","date_gmt":"2023-09-05T19:19:30","guid":{"rendered":"https:\/\/www.onlyfansapp.download\/?page_id=62"},"modified":"2026-02-15T19:14:23","modified_gmt":"2026-02-15T19:14:23","slug":"cach-cai-dat-ung-dung-onlyfans-tren-android","status":"publish","type":"page","link":"https:\/\/www.ofapp.download\/vi\/cach-cai-dat-ung-dung-onlyfans-tren-android\/","title":{"rendered":"C\u00e1ch c\u00e0i \u0111\u1eb7t \u1ee9ng d\u1ee5ng OnlyFans tr\u00ean Android"},"content":{"rendered":"<p><a href=\"\/vi\/\">Ch\u1ec9 c\u00f3 ng\u01b0\u1eddi h\u00e2m m\u1ed9<\/a> \u0111\u00e3 \u0111\u1ea1t \u0111\u01b0\u1ee3c s\u1ef1 ph\u1ed5 bi\u1ebfn to l\u1edbn nh\u01b0 m\u1ed9t n\u1ec1n t\u1ea3ng cho nh\u1eefng ng\u01b0\u1eddi s\u00e1ng t\u1ea1o n\u1ed9i dung k\u1ebft n\u1ed1i v\u1edbi ng\u01b0\u1eddi h\u00e2m m\u1ed9 c\u1ee7a h\u1ecd, cung c\u1ea5p n\u1ed9i dung \u0111\u1ed9c quy\u1ec1n v\u00e0 m\u1ed9t c\u00e1ch \u0111\u1ed9c \u0111\u00e1o \u0111\u1ec3 ki\u1ebfm ti\u1ec1n t\u1eeb t\u00e1c ph\u1ea9m c\u1ee7a h\u1ecd. \u0110\u1ec3 t\u1eadn h\u01b0\u1edfng n\u1ec1n t\u1ea3ng n\u00e0y tr\u00ean thi\u1ebft b\u1ecb Android c\u1ee7a b\u1ea1n, b\u1ea1n s\u1ebd c\u1ea7n t\u1ea3i xu\u1ed1ng v\u00e0 c\u00e0i \u0111\u1eb7t \u1ee9ng d\u1ee5ng OnlyFans. Trong h\u01b0\u1edbng d\u1eabn t\u1eebng b\u01b0\u1edbc n\u00e0y, ch\u00fang t\u00f4i s\u1ebd h\u01b0\u1edbng d\u1eabn b\u1ea1n quy tr\u00ecnh t\u1ea3i xu\u1ed1ng v\u00e0 c\u00e0i \u0111\u1eb7t \u1ee9ng d\u1ee5ng OnlyFans tr\u00ean thi\u1ebft b\u1ecb Android c\u1ee7a b\u1ea1n.<\/p>\n\n\n\n<p><strong>B\u01b0\u1edbc 1: B\u1eadt C\u00e0i \u0111\u1eb7t \u1ee9ng d\u1ee5ng t\u1eeb Ngu\u1ed3n kh\u00f4ng x\u00e1c \u0111\u1ecbnh<\/strong><\/p>\n\n\n\n<p>Tr\u01b0\u1edbc khi b\u1ea1n c\u00f3 th\u1ec3 t\u1ea3i xu\u1ed1ng \u1ee9ng d\u1ee5ng OnlyFans, b\u1ea1n c\u1ea7n cho ph\u00e9p c\u00e0i \u0111\u1eb7t \u1ee9ng d\u1ee5ng t\u1eeb c\u00e1c ngu\u1ed3n kh\u00f4ng x\u00e1c \u0111\u1ecbnh tr\u00ean thi\u1ebft b\u1ecb Android c\u1ee7a m\u00ecnh. Sau \u0111\u00e2y l\u00e0 c\u00e1ch th\u1ef1c hi\u1ec7n:<\/p>\n\n\n\n<ol class=\"wp-block-list\">\n<li>V\u00e0o ph\u1ea7n \u201cC\u00e0i \u0111\u1eb7t\u201d c\u1ee7a thi\u1ebft b\u1ecb.<\/li>\n\n\n\n<li>Cu\u1ed9n xu\u1ed1ng v\u00e0 nh\u1ea5n v\u00e0o \u201cB\u1ea3o m\u1eadt\u201d ho\u1eb7c \u201cQuy\u1ec1n ri\u00eang t\u01b0\u201d, t\u00f9y thu\u1ed9c v\u00e0o phi\u00ean b\u1ea3n Android c\u1ee7a b\u1ea1n.<\/li>\n\n\n\n<li>T\u00ecm t\u00f9y ch\u1ecdn \u201cC\u00e0i \u0111\u1eb7t \u1ee9ng d\u1ee5ng t\u1eeb ngu\u1ed3n kh\u00f4ng x\u00e1c \u0111\u1ecbnh\u201d v\u00e0 b\u1eadt t\u00f9y ch\u1ecdn n\u00e0y.<\/li>\n<\/ol>\n\n\n\n<p><strong>B\u01b0\u1edbc 2: Truy c\u1eadp trang web c\u1ee7a ch\u00fang t\u00f4i<\/strong><\/p>\n\n\n\n<p>\u0110\u1ec3 \u0111\u1ea3m b\u1ea3o b\u1ea1n \u0111ang t\u1ea3i xu\u1ed1ng \u1ee9ng d\u1ee5ng OnlyFans ch\u00ednh th\u1ee9c, b\u1ea1n n\u00ean truy c\u1eadp trang web ch\u00ednh th\u1ee9c:<\/p>\n\n\n\n<ol class=\"wp-block-list\">\n<li>M\u1edf tr\u00ecnh duy\u1ec7t web \u01b0a th\u00edch c\u1ee7a b\u1ea1n tr\u00ean thi\u1ebft b\u1ecb Android.<\/li>\n\n\n\n<li>Ki\u1ec3u &quot;<a href=\"\/vi\/\">ofapp.t\u1ea3i xu\u1ed1ng<\/a>\u201d v\u00e0o thanh \u0111\u1ecba ch\u1ec9 v\u00e0 nh\u1ea5n \u201cEnter\u201d.<\/li>\n<\/ol>\n\n\n\n<p><strong>B\u01b0\u1edbc 3: B\u1eaft \u0111\u1ea7u t\u1ea3i xu\u1ed1ng<\/strong><\/p>\n\n\n\n<p>Khi b\u1ea1n v\u00e0o trang t\u1ea3i xu\u1ed1ng \u1ee9ng d\u1ee5ng OnlyFans, h\u00e3y l\u00e0m theo c\u00e1c h\u01b0\u1edbng d\u1eabn sau:<\/p>\n\n\n\n<ol class=\"wp-block-list\">\n<li>Nh\u1ea5p v\u00e0o n\u00fat \u201cDownload OnlyFans\u201d. Thao t\u00e1c n\u00e0y s\u1ebd b\u1eaft \u0111\u1ea7u qu\u00e1 tr\u00ecnh t\u1ea3i xu\u1ed1ng.<\/li>\n\n\n\n<li>B\u1ea1n c\u00f3 th\u1ec3 th\u1ea5y th\u00f4ng b\u00e1o \u1edf cu\u1ed1i m\u00e0n h\u00ecnh cho bi\u1ebft qu\u00e1 tr\u00ecnh t\u1ea3i xu\u1ed1ng \u0111\u00e3 b\u1eaft \u0111\u1ea7u.<\/li>\n<\/ol>\n\n\n\n<p><strong>B\u01b0\u1edbc 4: C\u00e0i \u0111\u1eb7t \u1ee9ng d\u1ee5ng OnlyFans<\/strong><\/p>\n\n\n\n<p>Sau khi t\u1ea3i xu\u1ed1ng ho\u00e0n t\u1ea5t, b\u1ea1n s\u1ebd c\u1ea7n c\u00e0i \u0111\u1eb7t \u1ee9ng d\u1ee5ng:<\/p>\n\n\n\n<ol class=\"wp-block-list\">\n<li>M\u1edf trung t\u00e2m th\u00f4ng b\u00e1o c\u1ee7a thi\u1ebft b\u1ecb b\u1eb1ng c\u00e1ch vu\u1ed1t xu\u1ed1ng t\u1eeb \u0111\u1ea7u m\u00e0n h\u00ecnh.<\/li>\n\n\n\n<li>T\u00ecm t\u1ec7p APK OnlyFans \u0111\u00e3 t\u1ea3i xu\u1ed1ng v\u00e0 nh\u1ea5n v\u00e0o \u0111\u00f3.<\/li>\n\n\n\n<li>M\u1ed9t c\u1ea3nh b\u00e1o b\u1ea3o m\u1eadt c\u00f3 th\u1ec3 b\u1eadt l\u00ean. X\u00e1c nh\u1eadn r\u1eb1ng b\u1ea1n mu\u1ed1n c\u00e0i \u0111\u1eb7t \u1ee9ng d\u1ee5ng b\u1eb1ng c\u00e1ch ch\u1ecdn &quot;C\u00e0i \u0111\u1eb7t&quot;.<\/li>\n\n\n\n<li>Ch\u1edd qu\u00e1 tr\u00ecnh c\u00e0i \u0111\u1eb7t ho\u00e0n t\u1ea5t.<\/li>\n<\/ol>\n\n\n\n<p><strong>B\u01b0\u1edbc 5: M\u1edf \u1ee9ng d\u1ee5ng OnlyFans<\/strong><\/p>\n\n\n\n<p>Sau khi \u1ee9ng d\u1ee5ng \u0111\u01b0\u1ee3c c\u00e0i \u0111\u1eb7t, b\u1ea1n c\u00f3 th\u1ec3 m\u1edf \u1ee9ng d\u1ee5ng:<\/p>\n\n\n\n<ol class=\"wp-block-list\">\n<li>T\u00ecm bi\u1ec3u t\u01b0\u1ee3ng \u1ee9ng d\u1ee5ng OnlyFans tr\u00ean m\u00e0n h\u00ecnh ch\u00ednh ho\u1eb7c trong ng\u0103n k\u00e9o \u1ee9ng d\u1ee5ng c\u1ee7a b\u1ea1n.<\/li>\n\n\n\n<li>Nh\u1ea5n v\u00e0o bi\u1ec3u t\u01b0\u1ee3ng \u0111\u1ec3 kh\u1edfi ch\u1ea1y \u1ee9ng d\u1ee5ng.<\/li>\n<\/ol>\n\n\n<div class=\"wp-block-image\">\n<figure class=\"aligncenter size-large\"><img decoding=\"async\" src=\"https:\/\/ofapp.download\/wp-content\/uploads\/OnlyFans-App-on-Android-phone.png\" alt=\"\u1ee8ng d\u1ee5ng OnlyFans tr\u00ean \u0111i\u1ec7n tho\u1ea1i Android\"\/><\/figure>\n<\/div>\n\n\n<p><strong>B\u01b0\u1edbc 6: \u0110\u0103ng nh\u1eadp ho\u1eb7c \u0110\u0103ng k\u00fd<\/strong><\/p>\n\n\n\n<p>N\u1ebfu b\u1ea1n \u0111\u00e3 c\u00f3 t\u00e0i kho\u1ea3n OnlyFans, b\u1ea1n c\u00f3 th\u1ec3 \u0111\u0103ng nh\u1eadp b\u1eb1ng th\u00f4ng tin \u0111\u0103ng nh\u1eadp c\u1ee7a m\u00ecnh. N\u1ebfu b\u1ea1n m\u1edbi s\u1eed d\u1ee5ng n\u1ec1n t\u1ea3ng n\u00e0y, b\u1ea1n s\u1ebd c\u1ea7n \u0111\u0103ng k\u00fd t\u00e0i kho\u1ea3n.<\/p>","protected":false},"excerpt":{"rendered":"<p>OnlyFans \u0111\u00e3 tr\u1edf n\u00ean v\u00f4 c\u00f9ng ph\u1ed5 bi\u1ebfn nh\u01b0 m\u1ed9t n\u1ec1n t\u1ea3ng cho nh\u1eefng ng\u01b0\u1eddi s\u00e1ng t\u1ea1o n\u1ed9i dung k\u1ebft n\u1ed1i v\u1edbi ng\u01b0\u1eddi h\u00e2m m\u1ed9 c\u1ee7a h\u1ecd, cung c\u1ea5p n\u1ed9i dung \u0111\u1ed9c quy\u1ec1n v\u00e0 m\u1ed9t c\u00e1ch \u0111\u1ed9c \u0111\u00e1o \u0111\u1ec3 ki\u1ebfm ti\u1ec1n t\u1eeb t\u00e1c ph\u1ea9m c\u1ee7a h\u1ecd. \u0110\u1ec3 t\u1eadn h\u01b0\u1edfng n\u1ec1n t\u1ea3ng n\u00e0y tr\u00ean thi\u1ebft b\u1ecb Android c\u1ee7a b\u1ea1n, b\u1ea1n s\u1ebd c\u1ea7n t\u1ea3i xu\u1ed1ng v\u00e0 c\u00e0i \u0111\u1eb7t \u1ee9ng d\u1ee5ng OnlyFans. Trong h\u01b0\u1edbng d\u1eabn t\u1eebng b\u01b0\u1edbc n\u00e0y, ch\u00fang t\u00f4i s\u1ebd h\u01b0\u1edbng d\u1eabn b\u1ea1n quy tr\u00ecnh \u2026 <a title=\"C\u00e1ch c\u00e0i \u0111\u1eb7t \u1ee9ng d\u1ee5ng OnlyFans tr\u00ean Android\" class=\"read-more\" href=\"https:\/\/www.ofapp.download\/vi\/cach-cai-dat-ung-dung-onlyfans-tren-android\/\" aria-label=\"Xem th\u00eam \u1edf How to Install OnlyFans App on Android\">\u0110\u1ecdc ti\u1ebfp<\/a><\/p>","protected":false},"author":1,"featured_media":0,"parent":0,"menu_order":0,"comment_status":"closed","ping_status":"closed","template":"","meta":{"footnotes":""},"class_list":["post-62","page","type-page","status-publish"],"yoast_head":"<!-- This site is optimized with the Yoast SEO plugin v26.9 - https:\/\/yoast.com\/product\/yoast-seo-wordpress\/ -->\n<title>How to Install OnlyFans App on Android<\/title>\n<meta name=\"robots\" content=\"index, follow, max-snippet:-1, max-image-preview:large, max-video-preview:-1\" \/>\n<link rel=\"canonical\" href=\"https:\/\/www.ofapp.download\/vi\/cach-cai-dat-ung-dung-onlyfans-tren-android\/\" \/>\n<meta property=\"og:locale\" content=\"vi_VN\" \/>\n<meta property=\"og:type\" content=\"article\" \/>\n<meta property=\"og:title\" content=\"How to Install OnlyFans App on Android\" \/>\n<meta property=\"og:description\" content=\"OnlyFans has gained immense popularity as a platform for content creators to connect with their fans, offering exclusive content and a unique way to monetize their work. To enjoy this platform on your Android device, you&#8217;ll need to download and install the OnlyFans app. In this step-by-step guide, we&#8217;ll walk you through the process of ... \u0110\u1ecdc ti\u1ebfp\" \/>\n<meta property=\"og:url\" content=\"https:\/\/www.ofapp.download\/vi\/cach-cai-dat-ung-dung-onlyfans-tren-android\/\" \/>\n<meta property=\"og:site_name\" content=\"OnlyFans App\" \/>\n<meta property=\"article:modified_time\" content=\"2026-02-15T19:14:23+00:00\" \/>\n<meta property=\"og:image\" content=\"https:\/\/ofapp.download\/wp-content\/uploads\/OnlyFans-App-on-Android-phone.png\" \/>\n<meta name=\"twitter:card\" content=\"summary_large_image\" \/>\n<meta name=\"twitter:label1\" content=\"\u01af\u1edbc t\u00ednh th\u1eddi gian \u0111\u1ecdc\" \/>\n\t<meta name=\"twitter:data1\" content=\"2 ph\u00fat\" \/>\n<script type=\"application\/ld+json\" class=\"yoast-schema-graph\">{\"@context\":\"https:\/\/schema.org\",\"@graph\":[{\"@type\":\"WebPage\",\"@id\":\"https:\/\/www.ofapp.download\/how-to-install-onlyfans-app-on-android\/\",\"url\":\"https:\/\/www.ofapp.download\/how-to-install-onlyfans-app-on-android\/\",\"name\":\"How to Install OnlyFans App on Android\",\"isPartOf\":{\"@id\":\"https:\/\/www.ofapp.download\/#website\"},\"primaryImageOfPage\":{\"@id\":\"https:\/\/www.ofapp.download\/how-to-install-onlyfans-app-on-android\/#primaryimage\"},\"image\":{\"@id\":\"https:\/\/www.ofapp.download\/how-to-install-onlyfans-app-on-android\/#primaryimage\"},\"thumbnailUrl\":\"https:\/\/ofapp.download\/wp-content\/uploads\/OnlyFans-App-on-Android-phone.png\",\"datePublished\":\"2023-09-05T19:19:30+00:00\",\"dateModified\":\"2026-02-15T19:14:23+00:00\",\"breadcrumb\":{\"@id\":\"https:\/\/www.ofapp.download\/how-to-install-onlyfans-app-on-android\/#breadcrumb\"},\"inLanguage\":\"vi\",\"potentialAction\":[{\"@type\":\"ReadAction\",\"target\":[\"https:\/\/www.ofapp.download\/how-to-install-onlyfans-app-on-android\/\"]}]},{\"@type\":\"ImageObject\",\"inLanguage\":\"vi\",\"@id\":\"https:\/\/www.ofapp.download\/how-to-install-onlyfans-app-on-android\/#primaryimage\",\"url\":\"https:\/\/ofapp.download\/wp-content\/uploads\/OnlyFans-App-on-Android-phone.png\",\"contentUrl\":\"https:\/\/ofapp.download\/wp-content\/uploads\/OnlyFans-App-on-Android-phone.png\"},{\"@type\":\"BreadcrumbList\",\"@id\":\"https:\/\/www.ofapp.download\/how-to-install-onlyfans-app-on-android\/#breadcrumb\",\"itemListElement\":[{\"@type\":\"ListItem\",\"position\":1,\"name\":\"Home\",\"item\":\"https:\/\/www.ofapp.download\/\"},{\"@type\":\"ListItem\",\"position\":2,\"name\":\"How to Install OnlyFans App on Android\"}]},{\"@type\":\"WebSite\",\"@id\":\"https:\/\/www.ofapp.download\/#website\",\"url\":\"https:\/\/www.ofapp.download\/\",\"name\":\"OnlyFans App\",\"description\":\"Download right now OnlyFans App!\",\"publisher\":{\"@id\":\"https:\/\/www.ofapp.download\/#organization\"},\"alternateName\":\"OnlyFans\",\"potentialAction\":[{\"@type\":\"SearchAction\",\"target\":{\"@type\":\"EntryPoint\",\"urlTemplate\":\"https:\/\/www.ofapp.download\/?s={search_term_string}\"},\"query-input\":{\"@type\":\"PropertyValueSpecification\",\"valueRequired\":true,\"valueName\":\"search_term_string\"}}],\"inLanguage\":\"vi\"},{\"@type\":\"Organization\",\"@id\":\"https:\/\/www.ofapp.download\/#organization\",\"name\":\"OnlyFans App\",\"alternateName\":\"OnlyFans\",\"url\":\"https:\/\/www.ofapp.download\/\",\"logo\":{\"@type\":\"ImageObject\",\"inLanguage\":\"vi\",\"@id\":\"https:\/\/www.ofapp.download\/#\/schema\/logo\/image\/\",\"url\":\"https:\/\/www.onlyfansapp.download\/wp-content\/uploads\/OnlyFans-App-Icon.png\",\"contentUrl\":\"https:\/\/www.onlyfansapp.download\/wp-content\/uploads\/OnlyFans-App-Icon.png\",\"width\":512,\"height\":512,\"caption\":\"OnlyFans App\"},\"image\":{\"@id\":\"https:\/\/www.ofapp.download\/#\/schema\/logo\/image\/\"}}]}<\/script>\n<!-- \/ Yoast SEO plugin. -->","yoast_head_json":{"title":"C\u00e1ch c\u00e0i \u0111\u1eb7t \u1ee9ng d\u1ee5ng OnlyFans tr\u00ean Android","robots":{"index":"index","follow":"follow","max-snippet":"max-snippet:-1","max-image-preview":"max-image-preview:large","max-video-preview":"max-video-preview:-1"},"canonical":"https:\/\/www.ofapp.download\/vi\/cach-cai-dat-ung-dung-onlyfans-tren-android\/","og_locale":"vi_VN","og_type":"article","og_title":"How to Install OnlyFans App on Android","og_description":"OnlyFans has gained immense popularity as a platform for content creators to connect with their fans, offering exclusive content and a unique way to monetize their work. To enjoy this platform on your Android device, you&#8217;ll need to download and install the OnlyFans app. In this step-by-step guide, we&#8217;ll walk you through the process of ... \u0110\u1ecdc ti\u1ebfp","og_url":"https:\/\/www.ofapp.download\/vi\/cach-cai-dat-ung-dung-onlyfans-tren-android\/","og_site_name":"OnlyFans App","article_modified_time":"2026-02-15T19:14:23+00:00","og_image":[{"url":"https:\/\/ofapp.download\/wp-content\/uploads\/OnlyFans-App-on-Android-phone.png","type":"","width":"","height":""}],"twitter_card":"summary_large_image","twitter_misc":{"\u01af\u1edbc t\u00ednh th\u1eddi gian \u0111\u1ecdc":"2 ph\u00fat"},"schema":{"@context":"https:\/\/schema.org","@graph":[{"@type":"WebPage","@id":"https:\/\/www.ofapp.download\/how-to-install-onlyfans-app-on-android\/","url":"https:\/\/www.ofapp.download\/how-to-install-onlyfans-app-on-android\/","name":"C\u00e1ch c\u00e0i \u0111\u1eb7t \u1ee9ng d\u1ee5ng OnlyFans tr\u00ean Android","isPartOf":{"@id":"https:\/\/www.ofapp.download\/#website"},"primaryImageOfPage":{"@id":"https:\/\/www.ofapp.download\/how-to-install-onlyfans-app-on-android\/#primaryimage"},"image":{"@id":"https:\/\/www.ofapp.download\/how-to-install-onlyfans-app-on-android\/#primaryimage"},"thumbnailUrl":"https:\/\/ofapp.download\/wp-content\/uploads\/OnlyFans-App-on-Android-phone.png","datePublished":"2023-09-05T19:19:30+00:00","dateModified":"2026-02-15T19:14:23+00:00","breadcrumb":{"@id":"https:\/\/www.ofapp.download\/how-to-install-onlyfans-app-on-android\/#breadcrumb"},"inLanguage":"vi","potentialAction":[{"@type":"ReadAction","target":["https:\/\/www.ofapp.download\/how-to-install-onlyfans-app-on-android\/"]}]},{"@type":"ImageObject","inLanguage":"vi","@id":"https:\/\/www.ofapp.download\/how-to-install-onlyfans-app-on-android\/#primaryimage","url":"https:\/\/ofapp.download\/wp-content\/uploads\/OnlyFans-App-on-Android-phone.png","contentUrl":"https:\/\/ofapp.download\/wp-content\/uploads\/OnlyFans-App-on-Android-phone.png"},{"@type":"BreadcrumbList","@id":"https:\/\/www.ofapp.download\/how-to-install-onlyfans-app-on-android\/#breadcrumb","itemListElement":[{"@type":"ListItem","position":1,"name":"Home","item":"https:\/\/www.ofapp.download\/"},{"@type":"ListItem","position":2,"name":"How to Install OnlyFans App on Android"}]},{"@type":"WebSite","@id":"https:\/\/www.ofapp.download\/#website","url":"https:\/\/www.ofapp.download\/","name":"\u1ee8ng d\u1ee5ng OnlyFans","description":"T\u1ea3i ngay \u1ee9ng d\u1ee5ng OnlyFans!","publisher":{"@id":"https:\/\/www.ofapp.download\/#organization"},"alternateName":"OnlyFans","potentialAction":[{"@type":"SearchAction","target":{"@type":"EntryPoint","urlTemplate":"https:\/\/www.ofapp.download\/?s={search_term_string}"},"query-input":{"@type":"PropertyValueSpecification","valueRequired":true,"valueName":"search_term_string"}}],"inLanguage":"vi"},{"@type":"Organization","@id":"https:\/\/www.ofapp.download\/#organization","name":"\u1ee8ng d\u1ee5ng OnlyFans","alternateName":"OnlyFans","url":"https:\/\/www.ofapp.download\/","logo":{"@type":"ImageObject","inLanguage":"vi","@id":"https:\/\/www.ofapp.download\/#\/schema\/logo\/image\/","url":"https:\/\/www.onlyfansapp.download\/wp-content\/uploads\/OnlyFans-App-Icon.png","contentUrl":"https:\/\/www.onlyfansapp.download\/wp-content\/uploads\/OnlyFans-App-Icon.png","width":512,"height":512,"caption":"OnlyFans App"},"image":{"@id":"https:\/\/www.ofapp.download\/#\/schema\/logo\/image\/"}}]}},"_links":{"self":[{"href":"https:\/\/www.ofapp.download\/vi\/wp-json\/wp\/v2\/pages\/62","targetHints":{"allow":["GET"]}}],"collection":[{"href":"https:\/\/www.ofapp.download\/vi\/wp-json\/wp\/v2\/pages"}],"about":[{"href":"https:\/\/www.ofapp.download\/vi\/wp-json\/wp\/v2\/types\/page"}],"author":[{"embeddable":true,"href":"https:\/\/www.ofapp.download\/vi\/wp-json\/wp\/v2\/users\/1"}],"replies":[{"embeddable":true,"href":"https:\/\/www.ofapp.download\/vi\/wp-json\/wp\/v2\/comments?post=62"}],"version-history":[{"count":5,"href":"https:\/\/www.ofapp.download\/vi\/wp-json\/wp\/v2\/pages\/62\/revisions"}],"predecessor-version":[{"id":225,"href":"https:\/\/www.ofapp.download\/vi\/wp-json\/wp\/v2\/pages\/62\/revisions\/225"}],"wp:attachment":[{"href":"https:\/\/www.ofapp.download\/vi\/wp-json\/wp\/v2\/media?parent=62"}],"curies":[{"name":"wp","href":"https:\/\/api.w.org\/{rel}","templated":true}]}}