{"id":56,"date":"2023-09-05T19:04:23","date_gmt":"2023-09-05T19:04:23","guid":{"rendered":"https:\/\/www.onlyfansapp.download\/?page_id=56"},"modified":"2026-02-15T19:26:56","modified_gmt":"2026-02-15T19:26:56","slug":"tu-choi-trach-nhiem","status":"publish","type":"page","link":"https:\/\/www.ofapp.download\/vi\/tu-choi-trach-nhiem\/","title":{"rendered":"Tuy\u00ean b\u1ed1 mi\u1ec5n tr\u1eeb tr\u00e1ch nhi\u1ec7m"},"content":{"rendered":"<p>Trang web n\u00e0y kh\u00f4ng li\u00ean k\u1ebft v\u1edbi <a href=\"\/vi\/\">Ch\u1ec9 c\u00f3 ng\u01b0\u1eddi h\u00e2m m\u1ed9<\/a> theo b\u1ea5t k\u1ef3 c\u00e1ch n\u00e0o. Ch\u00fang t\u00f4i kh\u00f4ng ch\u1ecbu tr\u00e1ch nhi\u1ec7m v\u1ec1 n\u1ed9i dung c\u1ee7a OnlyFans ho\u1eb7c h\u00e0nh \u0111\u1ed9ng c\u1ee7a ng\u01b0\u1eddi d\u00f9ng. C\u00e1c li\u00ean k\u1ebft t\u1ea3i xu\u1ed1ng APK OnlyFans \u0111\u01b0\u1ee3c cung c\u1ea5p tr\u00ean trang web n\u00e0y ch\u1ec9 nh\u1eb1m m\u1ee5c \u0111\u00edch cung c\u1ea5p th\u00f4ng tin. Ch\u00fang t\u00f4i kh\u00f4ng t\u1ef1 l\u01b0u tr\u1eef ho\u1eb7c ph\u00e2n ph\u1ed1i c\u00e1c t\u1ec7p APK. Ch\u00fang t\u00f4i khuy\u00ean b\u1ea1n n\u00ean lu\u00f4n s\u1eed d\u1ee5ng trang web ch\u00ednh th\u1ee9c c\u1ee7a OnlyFans thay v\u00ec \u1ee9ng d\u1ee5ng.<\/p>\n\n\n\n<p>Khi s\u1eed d\u1ee5ng trang web n\u00e0y, b\u1ea1n \u0111\u1ed3ng \u00fd v\u1edbi c\u00e1c \u0111i\u1ec1u kho\u1ea3n sau:<\/p>\n\n\n\n<ul class=\"wp-block-list\">\n<li>B\u1ea1n ch\u1ecbu tr\u00e1ch nhi\u1ec7m v\u1ec1 h\u00e0nh \u0111\u1ed9ng c\u1ee7a m\u00ecnh v\u00e0 m\u1ecdi h\u1eadu qu\u1ea3 c\u1ee7a h\u00e0nh \u0111\u1ed9ng \u0111\u00f3.<\/li>\n\n\n\n<li>B\u1ea1n \u0111\u1ed3ng \u00fd kh\u00f4ng s\u1eed d\u1ee5ng trang web n\u00e0y cho b\u1ea5t k\u1ef3 m\u1ee5c \u0111\u00edch b\u1ea5t h\u1ee3p ph\u00e1p ho\u1eb7c tr\u00e1i ph\u00e9p n\u00e0o.<\/li>\n\n\n\n<li>B\u1ea1n \u0111\u1ed3ng \u00fd kh\u00f4ng ph\u00e2n ph\u1ed1i ho\u1eb7c chia s\u1ebb t\u1ec7p APK OnlyFans v\u1edbi ng\u01b0\u1eddi kh\u00e1c.<\/li>\n\n\n\n<li>B\u1ea1n \u0111\u1ed3ng \u00fd b\u1ed3i th\u01b0\u1eddng v\u00e0 b\u1ea3o v\u1ec7 ch\u00fang t\u00f4i kh\u1ecfi m\u1ecdi khi\u1ebfu n\u1ea1i ho\u1eb7c thi\u1ec7t h\u1ea1i ph\u00e1t sinh do b\u1ea1n s\u1eed d\u1ee5ng trang web n\u00e0y.<\/li>\n<\/ul>\n\n\n\n<p>Ch\u00fang t\u00f4i c\u00f3 quy\u1ec1n thay \u0111\u1ed5i ho\u1eb7c s\u1eeda \u0111\u1ed5i tuy\u00ean b\u1ed1 t\u1eeb ch\u1ed1i tr\u00e1ch nhi\u1ec7m n\u00e0y b\u1ea5t k\u1ef3 l\u00fac n\u00e0o. B\u1eb1ng c\u00e1ch ti\u1ebfp t\u1ee5c s\u1eed d\u1ee5ng trang web n\u00e0y sau khi b\u1ea5t k\u1ef3 thay \u0111\u1ed5i n\u00e0o \u0111\u01b0\u1ee3c th\u1ef1c hi\u1ec7n, b\u1ea1n \u0111\u1ed3ng \u00fd v\u1edbi tuy\u00ean b\u1ed1 t\u1eeb ch\u1ed1i tr\u00e1ch nhi\u1ec7m m\u1edbi.<\/p>","protected":false},"excerpt":{"rendered":"<p>Trang web n\u00e0y kh\u00f4ng li\u00ean k\u1ebft v\u1edbi OnlyFans theo b\u1ea5t k\u1ef3 c\u00e1ch n\u00e0o. Ch\u00fang t\u00f4i kh\u00f4ng ch\u1ecbu tr\u00e1ch nhi\u1ec7m v\u1ec1 n\u1ed9i dung c\u1ee7a OnlyFans ho\u1eb7c h\u00e0nh \u0111\u1ed9ng c\u1ee7a ng\u01b0\u1eddi d\u00f9ng. C\u00e1c li\u00ean k\u1ebft t\u1ea3i xu\u1ed1ng APK OnlyFans \u0111\u01b0\u1ee3c cung c\u1ea5p tr\u00ean trang web n\u00e0y ch\u1ec9 nh\u1eb1m m\u1ee5c \u0111\u00edch cung c\u1ea5p th\u00f4ng tin. Ch\u00fang t\u00f4i kh\u00f4ng t\u1ef1 l\u01b0u tr\u1eef ho\u1eb7c ph\u00e2n ph\u1ed1i c\u00e1c t\u1ec7p APK. Ch\u00fang t\u00f4i khuy\u00ean b\u1ea1n n\u00ean lu\u00f4n s\u1eed d\u1ee5ng \u2026 <a title=\"Tuy\u00ean b\u1ed1 mi\u1ec5n tr\u1eeb tr\u00e1ch nhi\u1ec7m\" class=\"read-more\" href=\"https:\/\/www.ofapp.download\/vi\/tu-choi-trach-nhiem\/\" aria-label=\"Xem th\u00eam \u1edf Disclaimer\">\u0110\u1ecdc ti\u1ebfp<\/a><\/p>","protected":false},"author":1,"featured_media":0,"parent":0,"menu_order":0,"comment_status":"closed","ping_status":"closed","template":"","meta":{"footnotes":""},"class_list":["post-56","page","type-page","status-publish"],"yoast_head":"<!-- This site is optimized with the Yoast SEO plugin v26.9 - https:\/\/yoast.com\/product\/yoast-seo-wordpress\/ -->\n<title>Disclaimer | OnlyFans App<\/title>\n<meta name=\"robots\" content=\"index, follow, max-snippet:-1, max-image-preview:large, max-video-preview:-1\" \/>\n<link rel=\"canonical\" href=\"https:\/\/www.ofapp.download\/vi\/tu-choi-trach-nhiem\/\" \/>\n<meta property=\"og:locale\" content=\"vi_VN\" \/>\n<meta property=\"og:type\" content=\"article\" \/>\n<meta property=\"og:title\" content=\"Disclaimer | OnlyFans App\" \/>\n<meta property=\"og:description\" content=\"This website is not affiliated with OnlyFans in any way. We are not responsible for the content of OnlyFans or the actions of its users. The OnlyFans APK download links provided on this website are for informational purposes only. We do not host or distribute the APK files ourselves. We recommend that you always use ... \u0110\u1ecdc ti\u1ebfp\" \/>\n<meta property=\"og:url\" content=\"https:\/\/www.ofapp.download\/vi\/tu-choi-trach-nhiem\/\" \/>\n<meta property=\"og:site_name\" content=\"OnlyFans App\" \/>\n<meta property=\"article:modified_time\" content=\"2026-02-15T19:26:56+00:00\" \/>\n<meta name=\"twitter:card\" content=\"summary_large_image\" \/>\n<meta name=\"twitter:label1\" content=\"\u01af\u1edbc t\u00ednh th\u1eddi gian \u0111\u1ecdc\" \/>\n\t<meta name=\"twitter:data1\" content=\"1 ph\u00fat\" \/>\n<script type=\"application\/ld+json\" class=\"yoast-schema-graph\">{\"@context\":\"https:\/\/schema.org\",\"@graph\":[{\"@type\":\"WebPage\",\"@id\":\"https:\/\/www.ofapp.download\/disclaimer\/\",\"url\":\"https:\/\/www.ofapp.download\/disclaimer\/\",\"name\":\"Disclaimer | OnlyFans App\",\"isPartOf\":{\"@id\":\"https:\/\/www.ofapp.download\/#website\"},\"datePublished\":\"2023-09-05T19:04:23+00:00\",\"dateModified\":\"2026-02-15T19:26:56+00:00\",\"breadcrumb\":{\"@id\":\"https:\/\/www.ofapp.download\/disclaimer\/#breadcrumb\"},\"inLanguage\":\"vi\",\"potentialAction\":[{\"@type\":\"ReadAction\",\"target\":[\"https:\/\/www.ofapp.download\/disclaimer\/\"]}]},{\"@type\":\"BreadcrumbList\",\"@id\":\"https:\/\/www.ofapp.download\/disclaimer\/#breadcrumb\",\"itemListElement\":[{\"@type\":\"ListItem\",\"position\":1,\"name\":\"Home\",\"item\":\"https:\/\/www.ofapp.download\/\"},{\"@type\":\"ListItem\",\"position\":2,\"name\":\"Disclaimer\"}]},{\"@type\":\"WebSite\",\"@id\":\"https:\/\/www.ofapp.download\/#website\",\"url\":\"https:\/\/www.ofapp.download\/\",\"name\":\"OnlyFans App\",\"description\":\"Download right now OnlyFans App!\",\"publisher\":{\"@id\":\"https:\/\/www.ofapp.download\/#organization\"},\"alternateName\":\"OnlyFans\",\"potentialAction\":[{\"@type\":\"SearchAction\",\"target\":{\"@type\":\"EntryPoint\",\"urlTemplate\":\"https:\/\/www.ofapp.download\/?s={search_term_string}\"},\"query-input\":{\"@type\":\"PropertyValueSpecification\",\"valueRequired\":true,\"valueName\":\"search_term_string\"}}],\"inLanguage\":\"vi\"},{\"@type\":\"Organization\",\"@id\":\"https:\/\/www.ofapp.download\/#organization\",\"name\":\"OnlyFans App\",\"alternateName\":\"OnlyFans\",\"url\":\"https:\/\/www.ofapp.download\/\",\"logo\":{\"@type\":\"ImageObject\",\"inLanguage\":\"vi\",\"@id\":\"https:\/\/www.ofapp.download\/#\/schema\/logo\/image\/\",\"url\":\"https:\/\/www.onlyfansapp.download\/wp-content\/uploads\/OnlyFans-App-Icon.png\",\"contentUrl\":\"https:\/\/www.onlyfansapp.download\/wp-content\/uploads\/OnlyFans-App-Icon.png\",\"width\":512,\"height\":512,\"caption\":\"OnlyFans App\"},\"image\":{\"@id\":\"https:\/\/www.ofapp.download\/#\/schema\/logo\/image\/\"}}]}<\/script>\n<!-- \/ Yoast SEO plugin. -->","yoast_head_json":{"title":"Tuy\u00ean b\u1ed1 mi\u1ec5n tr\u1eeb tr\u00e1ch nhi\u1ec7m | \u1ee8ng d\u1ee5ng OnlyFans","robots":{"index":"index","follow":"follow","max-snippet":"max-snippet:-1","max-image-preview":"max-image-preview:large","max-video-preview":"max-video-preview:-1"},"canonical":"https:\/\/www.ofapp.download\/vi\/tu-choi-trach-nhiem\/","og_locale":"vi_VN","og_type":"article","og_title":"Disclaimer | OnlyFans App","og_description":"This website is not affiliated with OnlyFans in any way. We are not responsible for the content of OnlyFans or the actions of its users. The OnlyFans APK download links provided on this website are for informational purposes only. We do not host or distribute the APK files ourselves. We recommend that you always use ... \u0110\u1ecdc ti\u1ebfp","og_url":"https:\/\/www.ofapp.download\/vi\/tu-choi-trach-nhiem\/","og_site_name":"OnlyFans App","article_modified_time":"2026-02-15T19:26:56+00:00","twitter_card":"summary_large_image","twitter_misc":{"\u01af\u1edbc t\u00ednh th\u1eddi gian \u0111\u1ecdc":"1 ph\u00fat"},"schema":{"@context":"https:\/\/schema.org","@graph":[{"@type":"WebPage","@id":"https:\/\/www.ofapp.download\/disclaimer\/","url":"https:\/\/www.ofapp.download\/disclaimer\/","name":"Tuy\u00ean b\u1ed1 mi\u1ec5n tr\u1eeb tr\u00e1ch nhi\u1ec7m | \u1ee8ng d\u1ee5ng OnlyFans","isPartOf":{"@id":"https:\/\/www.ofapp.download\/#website"},"datePublished":"2023-09-05T19:04:23+00:00","dateModified":"2026-02-15T19:26:56+00:00","breadcrumb":{"@id":"https:\/\/www.ofapp.download\/disclaimer\/#breadcrumb"},"inLanguage":"vi","potentialAction":[{"@type":"ReadAction","target":["https:\/\/www.ofapp.download\/disclaimer\/"]}]},{"@type":"BreadcrumbList","@id":"https:\/\/www.ofapp.download\/disclaimer\/#breadcrumb","itemListElement":[{"@type":"ListItem","position":1,"name":"Home","item":"https:\/\/www.ofapp.download\/"},{"@type":"ListItem","position":2,"name":"Disclaimer"}]},{"@type":"WebSite","@id":"https:\/\/www.ofapp.download\/#website","url":"https:\/\/www.ofapp.download\/","name":"\u1ee8ng d\u1ee5ng OnlyFans","description":"T\u1ea3i ngay \u1ee9ng d\u1ee5ng OnlyFans!","publisher":{"@id":"https:\/\/www.ofapp.download\/#organization"},"alternateName":"OnlyFans","potentialAction":[{"@type":"SearchAction","target":{"@type":"EntryPoint","urlTemplate":"https:\/\/www.ofapp.download\/?s={search_term_string}"},"query-input":{"@type":"PropertyValueSpecification","valueRequired":true,"valueName":"search_term_string"}}],"inLanguage":"vi"},{"@type":"Organization","@id":"https:\/\/www.ofapp.download\/#organization","name":"\u1ee8ng d\u1ee5ng OnlyFans","alternateName":"OnlyFans","url":"https:\/\/www.ofapp.download\/","logo":{"@type":"ImageObject","inLanguage":"vi","@id":"https:\/\/www.ofapp.download\/#\/schema\/logo\/image\/","url":"https:\/\/www.onlyfansapp.download\/wp-content\/uploads\/OnlyFans-App-Icon.png","contentUrl":"https:\/\/www.onlyfansapp.download\/wp-content\/uploads\/OnlyFans-App-Icon.png","width":512,"height":512,"caption":"OnlyFans App"},"image":{"@id":"https:\/\/www.ofapp.download\/#\/schema\/logo\/image\/"}}]}},"_links":{"self":[{"href":"https:\/\/www.ofapp.download\/vi\/wp-json\/wp\/v2\/pages\/56","targetHints":{"allow":["GET"]}}],"collection":[{"href":"https:\/\/www.ofapp.download\/vi\/wp-json\/wp\/v2\/pages"}],"about":[{"href":"https:\/\/www.ofapp.download\/vi\/wp-json\/wp\/v2\/types\/page"}],"author":[{"embeddable":true,"href":"https:\/\/www.ofapp.download\/vi\/wp-json\/wp\/v2\/users\/1"}],"replies":[{"embeddable":true,"href":"https:\/\/www.ofapp.download\/vi\/wp-json\/wp\/v2\/comments?post=56"}],"version-history":[{"count":2,"href":"https:\/\/www.ofapp.download\/vi\/wp-json\/wp\/v2\/pages\/56\/revisions"}],"predecessor-version":[{"id":94,"href":"https:\/\/www.ofapp.download\/vi\/wp-json\/wp\/v2\/pages\/56\/revisions\/94"}],"wp:attachment":[{"href":"https:\/\/www.ofapp.download\/vi\/wp-json\/wp\/v2\/media?parent=56"}],"curies":[{"name":"wp","href":"https:\/\/api.w.org\/{rel}","templated":true}]}}