{"id":54,"date":"2023-09-05T19:01:12","date_gmt":"2023-09-05T19:01:12","guid":{"rendered":"https:\/\/www.onlyfansapp.download\/?page_id=54"},"modified":"2026-02-15T18:59:20","modified_gmt":"2026-02-15T18:59:20","slug":"lien-he-voi-chung-toi","status":"publish","type":"page","link":"https:\/\/www.ofapp.download\/vi\/lien-he-voi-chung-toi\/","title":{"rendered":"Li\u00ean h\u1ec7 v\u1edbi ch\u00fang t\u00f4i"},"content":{"rendered":"<p>Ch\u00fang t\u00f4i lu\u00f4n vui m\u1eebng khi \u0111\u01b0\u1ee3c l\u1eafng nghe \u00fd ki\u1ebfn c\u1ee7a ng\u01b0\u1eddi d\u00f9ng. N\u1ebfu b\u1ea1n c\u00f3 b\u1ea5t k\u1ef3 c\u00e2u h\u1ecfi, b\u00ecnh lu\u1eadn ho\u1eb7c \u0111\u1ec1 xu\u1ea5t n\u00e0o, vui l\u00f2ng li\u00ean h\u1ec7 v\u1edbi ch\u00fang t\u00f4i.<\/p>\n\n\n\n<ul class=\"wp-block-list\">\n<li><strong>E-mail:<\/strong> info@onlyfansapp.download<\/li>\n<\/ul>\n\n\n\n<p>Ch\u00fang t\u00f4i \u0111\u00e1nh gi\u00e1 cao ph\u1ea3n h\u1ed3i c\u1ee7a b\u1ea1n.<\/p>","protected":false},"excerpt":{"rendered":"<p>Ch\u00fang t\u00f4i lu\u00f4n vui m\u1eebng khi \u0111\u01b0\u1ee3c l\u1eafng nghe \u00fd ki\u1ebfn c\u1ee7a ng\u01b0\u1eddi d\u00f9ng. N\u1ebfu b\u1ea1n c\u00f3 b\u1ea5t k\u1ef3 c\u00e2u h\u1ecfi, b\u00ecnh lu\u1eadn ho\u1eb7c \u0111\u1ec1 xu\u1ea5t n\u00e0o, vui l\u00f2ng li\u00ean h\u1ec7 v\u1edbi ch\u00fang t\u00f4i. Ch\u00fang t\u00f4i \u0111\u00e1nh gi\u00e1 cao ph\u1ea3n h\u1ed3i c\u1ee7a b\u1ea1n.<\/p>","protected":false},"author":1,"featured_media":0,"parent":0,"menu_order":0,"comment_status":"closed","ping_status":"closed","template":"","meta":{"footnotes":""},"class_list":["post-54","page","type-page","status-publish"],"yoast_head":"<!-- This site is optimized with the Yoast SEO plugin v26.9 - https:\/\/yoast.com\/product\/yoast-seo-wordpress\/ -->\n<title>Contact Us | OnlyFans App<\/title>\n<meta name=\"robots\" content=\"index, follow, max-snippet:-1, max-image-preview:large, max-video-preview:-1\" \/>\n<link rel=\"canonical\" href=\"https:\/\/www.ofapp.download\/vi\/lien-he-voi-chung-toi\/\" \/>\n<meta property=\"og:locale\" content=\"vi_VN\" \/>\n<meta property=\"og:type\" content=\"article\" \/>\n<meta property=\"og:title\" content=\"Contact Us | OnlyFans App\" \/>\n<meta property=\"og:description\" content=\"We are always happy to hear from our users. If you have any questions, comments, or suggestions, please do not hesitate to contact us. We appreciate your feedback.\" \/>\n<meta property=\"og:url\" content=\"https:\/\/www.ofapp.download\/vi\/lien-he-voi-chung-toi\/\" \/>\n<meta property=\"og:site_name\" content=\"OnlyFans App\" \/>\n<meta property=\"article:modified_time\" content=\"2026-02-15T18:59:20+00:00\" \/>\n<meta name=\"twitter:card\" content=\"summary_large_image\" \/>\n<meta name=\"twitter:label1\" content=\"\u01af\u1edbc t\u00ednh th\u1eddi gian \u0111\u1ecdc\" \/>\n\t<meta name=\"twitter:data1\" content=\"1 ph\u00fat\" \/>\n<script type=\"application\/ld+json\" class=\"yoast-schema-graph\">{\"@context\":\"https:\/\/schema.org\",\"@graph\":[{\"@type\":\"WebPage\",\"@id\":\"https:\/\/www.ofapp.download\/id\/hubungi-kami\/\",\"url\":\"https:\/\/www.ofapp.download\/id\/hubungi-kami\/\",\"name\":\"Contact Us | OnlyFans App\",\"isPartOf\":{\"@id\":\"https:\/\/www.ofapp.download\/#website\"},\"datePublished\":\"2023-09-05T19:01:12+00:00\",\"dateModified\":\"2026-02-15T18:59:20+00:00\",\"breadcrumb\":{\"@id\":\"https:\/\/www.ofapp.download\/id\/hubungi-kami\/#breadcrumb\"},\"inLanguage\":\"vi\",\"potentialAction\":[{\"@type\":\"ReadAction\",\"target\":[\"https:\/\/www.ofapp.download\/id\/hubungi-kami\/\"]}]},{\"@type\":\"BreadcrumbList\",\"@id\":\"https:\/\/www.ofapp.download\/id\/hubungi-kami\/#breadcrumb\",\"itemListElement\":[{\"@type\":\"ListItem\",\"position\":1,\"name\":\"Home\",\"item\":\"https:\/\/www.ofapp.download\/\"},{\"@type\":\"ListItem\",\"position\":2,\"name\":\"Contact Us\"}]},{\"@type\":\"WebSite\",\"@id\":\"https:\/\/www.ofapp.download\/#website\",\"url\":\"https:\/\/www.ofapp.download\/\",\"name\":\"OnlyFans App\",\"description\":\"Download right now OnlyFans App!\",\"publisher\":{\"@id\":\"https:\/\/www.ofapp.download\/#organization\"},\"alternateName\":\"OnlyFans\",\"potentialAction\":[{\"@type\":\"SearchAction\",\"target\":{\"@type\":\"EntryPoint\",\"urlTemplate\":\"https:\/\/www.ofapp.download\/?s={search_term_string}\"},\"query-input\":{\"@type\":\"PropertyValueSpecification\",\"valueRequired\":true,\"valueName\":\"search_term_string\"}}],\"inLanguage\":\"vi\"},{\"@type\":\"Organization\",\"@id\":\"https:\/\/www.ofapp.download\/#organization\",\"name\":\"OnlyFans App\",\"alternateName\":\"OnlyFans\",\"url\":\"https:\/\/www.ofapp.download\/\",\"logo\":{\"@type\":\"ImageObject\",\"inLanguage\":\"vi\",\"@id\":\"https:\/\/www.ofapp.download\/#\/schema\/logo\/image\/\",\"url\":\"https:\/\/www.onlyfansapp.download\/wp-content\/uploads\/OnlyFans-App-Icon.png\",\"contentUrl\":\"https:\/\/www.onlyfansapp.download\/wp-content\/uploads\/OnlyFans-App-Icon.png\",\"width\":512,\"height\":512,\"caption\":\"OnlyFans App\"},\"image\":{\"@id\":\"https:\/\/www.ofapp.download\/#\/schema\/logo\/image\/\"}}]}<\/script>\n<!-- \/ Yoast SEO plugin. -->","yoast_head_json":{"title":"Li\u00ean h\u1ec7 v\u1edbi ch\u00fang t\u00f4i | \u1ee8ng d\u1ee5ng OnlyFans","robots":{"index":"index","follow":"follow","max-snippet":"max-snippet:-1","max-image-preview":"max-image-preview:large","max-video-preview":"max-video-preview:-1"},"canonical":"https:\/\/www.ofapp.download\/vi\/lien-he-voi-chung-toi\/","og_locale":"vi_VN","og_type":"article","og_title":"Contact Us | OnlyFans App","og_description":"We are always happy to hear from our users. If you have any questions, comments, or suggestions, please do not hesitate to contact us. We appreciate your feedback.","og_url":"https:\/\/www.ofapp.download\/vi\/lien-he-voi-chung-toi\/","og_site_name":"OnlyFans App","article_modified_time":"2026-02-15T18:59:20+00:00","twitter_card":"summary_large_image","twitter_misc":{"\u01af\u1edbc t\u00ednh th\u1eddi gian \u0111\u1ecdc":"1 ph\u00fat"},"schema":{"@context":"https:\/\/schema.org","@graph":[{"@type":"WebPage","@id":"https:\/\/www.ofapp.download\/id\/hubungi-kami\/","url":"https:\/\/www.ofapp.download\/id\/hubungi-kami\/","name":"Li\u00ean h\u1ec7 v\u1edbi ch\u00fang t\u00f4i | \u1ee8ng d\u1ee5ng OnlyFans","isPartOf":{"@id":"https:\/\/www.ofapp.download\/#website"},"datePublished":"2023-09-05T19:01:12+00:00","dateModified":"2026-02-15T18:59:20+00:00","breadcrumb":{"@id":"https:\/\/www.ofapp.download\/id\/hubungi-kami\/#breadcrumb"},"inLanguage":"vi","potentialAction":[{"@type":"ReadAction","target":["https:\/\/www.ofapp.download\/id\/hubungi-kami\/"]}]},{"@type":"BreadcrumbList","@id":"https:\/\/www.ofapp.download\/id\/hubungi-kami\/#breadcrumb","itemListElement":[{"@type":"ListItem","position":1,"name":"Home","item":"https:\/\/www.ofapp.download\/"},{"@type":"ListItem","position":2,"name":"Contact Us"}]},{"@type":"WebSite","@id":"https:\/\/www.ofapp.download\/#website","url":"https:\/\/www.ofapp.download\/","name":"\u1ee8ng d\u1ee5ng OnlyFans","description":"T\u1ea3i ngay \u1ee9ng d\u1ee5ng OnlyFans!","publisher":{"@id":"https:\/\/www.ofapp.download\/#organization"},"alternateName":"OnlyFans","potentialAction":[{"@type":"SearchAction","target":{"@type":"EntryPoint","urlTemplate":"https:\/\/www.ofapp.download\/?s={search_term_string}"},"query-input":{"@type":"PropertyValueSpecification","valueRequired":true,"valueName":"search_term_string"}}],"inLanguage":"vi"},{"@type":"Organization","@id":"https:\/\/www.ofapp.download\/#organization","name":"\u1ee8ng d\u1ee5ng OnlyFans","alternateName":"OnlyFans","url":"https:\/\/www.ofapp.download\/","logo":{"@type":"ImageObject","inLanguage":"vi","@id":"https:\/\/www.ofapp.download\/#\/schema\/logo\/image\/","url":"https:\/\/www.onlyfansapp.download\/wp-content\/uploads\/OnlyFans-App-Icon.png","contentUrl":"https:\/\/www.onlyfansapp.download\/wp-content\/uploads\/OnlyFans-App-Icon.png","width":512,"height":512,"caption":"OnlyFans App"},"image":{"@id":"https:\/\/www.ofapp.download\/#\/schema\/logo\/image\/"}}]}},"_links":{"self":[{"href":"https:\/\/www.ofapp.download\/vi\/wp-json\/wp\/v2\/pages\/54","targetHints":{"allow":["GET"]}}],"collection":[{"href":"https:\/\/www.ofapp.download\/vi\/wp-json\/wp\/v2\/pages"}],"about":[{"href":"https:\/\/www.ofapp.download\/vi\/wp-json\/wp\/v2\/types\/page"}],"author":[{"embeddable":true,"href":"https:\/\/www.ofapp.download\/vi\/wp-json\/wp\/v2\/users\/1"}],"replies":[{"embeddable":true,"href":"https:\/\/www.ofapp.download\/vi\/wp-json\/wp\/v2\/comments?post=54"}],"version-history":[{"count":2,"href":"https:\/\/www.ofapp.download\/vi\/wp-json\/wp\/v2\/pages\/54\/revisions"}],"predecessor-version":[{"id":92,"href":"https:\/\/www.ofapp.download\/vi\/wp-json\/wp\/v2\/pages\/54\/revisions\/92"}],"wp:attachment":[{"href":"https:\/\/www.ofapp.download\/vi\/wp-json\/wp\/v2\/media?parent=54"}],"curies":[{"name":"wp","href":"https:\/\/api.w.org\/{rel}","templated":true}]}}