{"id":56,"date":"2023-09-05T19:04:23","date_gmt":"2023-09-05T19:04:23","guid":{"rendered":"https:\/\/www.onlyfansapp.download\/?page_id=56"},"modified":"2026-02-15T19:26:56","modified_gmt":"2026-02-15T19:26:56","slug":"yasal-uyari","status":"publish","type":"page","link":"https:\/\/www.ofapp.download\/tr\/yasal-uyari\/","title":{"rendered":"Sorumluluk Reddi"},"content":{"rendered":"<p>Bu web sitesi a\u015fa\u011f\u0131dakilerle ba\u011flant\u0131l\u0131 de\u011fildir <a href=\"\/tr\/\">OnlyFans<\/a> herhangi bir \u015fekilde. OnlyFans'\u0131n i\u00e7eri\u011finden veya kullan\u0131c\u0131lar\u0131n\u0131n eylemlerinden sorumlu de\u011filiz. Bu web sitesinde sa\u011flanan OnlyFans APK indirme ba\u011flant\u0131lar\u0131 yaln\u0131zca bilgilendirme ama\u00e7l\u0131d\u0131r. APK dosyalar\u0131n\u0131 kendimiz bar\u0131nd\u0131rm\u0131yor veya da\u011f\u0131tm\u0131yoruz. Bunun yerine her zaman OnlyFans resmi web sitesini kullanman\u0131z\u0131 \u00f6neririz.<\/p>\n\n\n\n<p>Bu web sitesini kullanarak a\u015fa\u011f\u0131daki \u015fartlar\u0131 kabul etmi\u015f olursunuz:<\/p>\n\n\n\n<ul class=\"wp-block-list\">\n<li>Kendi eylemlerinizden ve bunlar\u0131n sonu\u00e7lar\u0131ndan siz sorumlusunuz.<\/li>\n\n\n\n<li>Bu web sitesini herhangi bir yasad\u0131\u015f\u0131 veya yetkisiz ama\u00e7 i\u00e7in kullanmamay\u0131 kabul edersiniz.<\/li>\n\n\n\n<li>OnlyFans APK dosyalar\u0131n\u0131 ba\u015fkalar\u0131na da\u011f\u0131tmamay\u0131 veya payla\u015fmamay\u0131 kabul edersiniz.<\/li>\n\n\n\n<li>Bu web sitesini kullan\u0131m\u0131n\u0131zdan kaynaklanan her t\u00fcrl\u00fc iddia veya zarardan bizi tazmin etmeyi ve zarars\u0131z tutmay\u0131 kabul edersiniz.<\/li>\n<\/ul>\n\n\n\n<p>Bu feragatnameyi istedi\u011fimiz zaman de\u011fi\u015ftirme veya tadil etme hakk\u0131m\u0131z sakl\u0131d\u0131r. Herhangi bir de\u011fi\u015fiklik yap\u0131ld\u0131ktan sonra bu web sitesini kullanmaya devam ederek, yeni feragatnameyi kabul etmi\u015f olursunuz.<\/p>","protected":false},"excerpt":{"rendered":"<p>This website is not affiliated with OnlyFans in any way. We are not responsible for the content of OnlyFans or the actions of its users. The OnlyFans APK download links provided on this website are for informational purposes only. We do not host or distribute the APK files ourselves. We recommend that you always use &#8230; <a title=\"Sorumluluk Reddi\" class=\"read-more\" href=\"https:\/\/www.ofapp.download\/tr\/yasal-uyari\/\" aria-label=\"More on Disclaimer\">Devam\u0131n\u0131 oku<\/a><\/p>","protected":false},"author":1,"featured_media":0,"parent":0,"menu_order":0,"comment_status":"closed","ping_status":"closed","template":"","meta":{"footnotes":""},"class_list":["post-56","page","type-page","status-publish"],"yoast_head":"<!-- This site is optimized with the Yoast SEO plugin v26.9 - https:\/\/yoast.com\/product\/yoast-seo-wordpress\/ -->\n<title>Disclaimer | OnlyFans App<\/title>\n<meta name=\"robots\" content=\"index, follow, max-snippet:-1, max-image-preview:large, max-video-preview:-1\" \/>\n<link rel=\"canonical\" href=\"https:\/\/www.ofapp.download\/tr\/yasal-uyari\/\" \/>\n<meta property=\"og:locale\" content=\"tr_TR\" \/>\n<meta property=\"og:type\" content=\"article\" \/>\n<meta property=\"og:title\" content=\"Disclaimer | OnlyFans App\" \/>\n<meta property=\"og:description\" content=\"This website is not affiliated with OnlyFans in any way. We are not responsible for the content of OnlyFans or the actions of its users. The OnlyFans APK download links provided on this website are for informational purposes only. We do not host or distribute the APK files ourselves. We recommend that you always use ... Devam\u0131n\u0131 oku\" \/>\n<meta property=\"og:url\" content=\"https:\/\/www.ofapp.download\/tr\/yasal-uyari\/\" \/>\n<meta property=\"og:site_name\" content=\"OnlyFans App\" \/>\n<meta property=\"article:modified_time\" content=\"2026-02-15T19:26:56+00:00\" \/>\n<meta name=\"twitter:card\" content=\"summary_large_image\" \/>\n<meta name=\"twitter:label1\" content=\"Tahmini okuma s\u00fcresi\" \/>\n\t<meta name=\"twitter:data1\" content=\"1 dakika\" \/>\n<script type=\"application\/ld+json\" class=\"yoast-schema-graph\">{\"@context\":\"https:\/\/schema.org\",\"@graph\":[{\"@type\":\"WebPage\",\"@id\":\"https:\/\/www.ofapp.download\/disclaimer\/\",\"url\":\"https:\/\/www.ofapp.download\/disclaimer\/\",\"name\":\"Disclaimer | OnlyFans App\",\"isPartOf\":{\"@id\":\"https:\/\/www.ofapp.download\/#website\"},\"datePublished\":\"2023-09-05T19:04:23+00:00\",\"dateModified\":\"2026-02-15T19:26:56+00:00\",\"breadcrumb\":{\"@id\":\"https:\/\/www.ofapp.download\/disclaimer\/#breadcrumb\"},\"inLanguage\":\"tr\",\"potentialAction\":[{\"@type\":\"ReadAction\",\"target\":[\"https:\/\/www.ofapp.download\/disclaimer\/\"]}]},{\"@type\":\"BreadcrumbList\",\"@id\":\"https:\/\/www.ofapp.download\/disclaimer\/#breadcrumb\",\"itemListElement\":[{\"@type\":\"ListItem\",\"position\":1,\"name\":\"Home\",\"item\":\"https:\/\/www.ofapp.download\/\"},{\"@type\":\"ListItem\",\"position\":2,\"name\":\"Disclaimer\"}]},{\"@type\":\"WebSite\",\"@id\":\"https:\/\/www.ofapp.download\/#website\",\"url\":\"https:\/\/www.ofapp.download\/\",\"name\":\"OnlyFans App\",\"description\":\"Download right now OnlyFans App!\",\"publisher\":{\"@id\":\"https:\/\/www.ofapp.download\/#organization\"},\"alternateName\":\"OnlyFans\",\"potentialAction\":[{\"@type\":\"SearchAction\",\"target\":{\"@type\":\"EntryPoint\",\"urlTemplate\":\"https:\/\/www.ofapp.download\/?s={search_term_string}\"},\"query-input\":{\"@type\":\"PropertyValueSpecification\",\"valueRequired\":true,\"valueName\":\"search_term_string\"}}],\"inLanguage\":\"tr\"},{\"@type\":\"Organization\",\"@id\":\"https:\/\/www.ofapp.download\/#organization\",\"name\":\"OnlyFans App\",\"alternateName\":\"OnlyFans\",\"url\":\"https:\/\/www.ofapp.download\/\",\"logo\":{\"@type\":\"ImageObject\",\"inLanguage\":\"tr\",\"@id\":\"https:\/\/www.ofapp.download\/#\/schema\/logo\/image\/\",\"url\":\"https:\/\/www.onlyfansapp.download\/wp-content\/uploads\/OnlyFans-App-Icon.png\",\"contentUrl\":\"https:\/\/www.onlyfansapp.download\/wp-content\/uploads\/OnlyFans-App-Icon.png\",\"width\":512,\"height\":512,\"caption\":\"OnlyFans App\"},\"image\":{\"@id\":\"https:\/\/www.ofapp.download\/#\/schema\/logo\/image\/\"}}]}<\/script>\n<!-- \/ Yoast SEO plugin. -->","yoast_head_json":{"title":"Feragatname | OnlyFans Uygulamas\u0131","robots":{"index":"index","follow":"follow","max-snippet":"max-snippet:-1","max-image-preview":"max-image-preview:large","max-video-preview":"max-video-preview:-1"},"canonical":"https:\/\/www.ofapp.download\/tr\/yasal-uyari\/","og_locale":"tr_TR","og_type":"article","og_title":"Disclaimer | OnlyFans App","og_description":"This website is not affiliated with OnlyFans in any way. We are not responsible for the content of OnlyFans or the actions of its users. The OnlyFans APK download links provided on this website are for informational purposes only. We do not host or distribute the APK files ourselves. We recommend that you always use ... Devam\u0131n\u0131 oku","og_url":"https:\/\/www.ofapp.download\/tr\/yasal-uyari\/","og_site_name":"OnlyFans App","article_modified_time":"2026-02-15T19:26:56+00:00","twitter_card":"summary_large_image","twitter_misc":{"Tahmini okuma s\u00fcresi":"1 dakika"},"schema":{"@context":"https:\/\/schema.org","@graph":[{"@type":"WebPage","@id":"https:\/\/www.ofapp.download\/disclaimer\/","url":"https:\/\/www.ofapp.download\/disclaimer\/","name":"Feragatname | OnlyFans Uygulamas\u0131","isPartOf":{"@id":"https:\/\/www.ofapp.download\/#website"},"datePublished":"2023-09-05T19:04:23+00:00","dateModified":"2026-02-15T19:26:56+00:00","breadcrumb":{"@id":"https:\/\/www.ofapp.download\/disclaimer\/#breadcrumb"},"inLanguage":"tr","potentialAction":[{"@type":"ReadAction","target":["https:\/\/www.ofapp.download\/disclaimer\/"]}]},{"@type":"BreadcrumbList","@id":"https:\/\/www.ofapp.download\/disclaimer\/#breadcrumb","itemListElement":[{"@type":"ListItem","position":1,"name":"Home","item":"https:\/\/www.ofapp.download\/"},{"@type":"ListItem","position":2,"name":"Disclaimer"}]},{"@type":"WebSite","@id":"https:\/\/www.ofapp.download\/#website","url":"https:\/\/www.ofapp.download\/","name":"OnlyFans Uygulamas\u0131","description":"Hemen OnlyFans Uygulamas\u0131n\u0131 indirin!","publisher":{"@id":"https:\/\/www.ofapp.download\/#organization"},"alternateName":"OnlyFans","potentialAction":[{"@type":"SearchAction","target":{"@type":"EntryPoint","urlTemplate":"https:\/\/www.ofapp.download\/?s={search_term_string}"},"query-input":{"@type":"PropertyValueSpecification","valueRequired":true,"valueName":"search_term_string"}}],"inLanguage":"tr"},{"@type":"Organization","@id":"https:\/\/www.ofapp.download\/#organization","name":"OnlyFans Uygulamas\u0131","alternateName":"OnlyFans","url":"https:\/\/www.ofapp.download\/","logo":{"@type":"ImageObject","inLanguage":"tr","@id":"https:\/\/www.ofapp.download\/#\/schema\/logo\/image\/","url":"https:\/\/www.onlyfansapp.download\/wp-content\/uploads\/OnlyFans-App-Icon.png","contentUrl":"https:\/\/www.onlyfansapp.download\/wp-content\/uploads\/OnlyFans-App-Icon.png","width":512,"height":512,"caption":"OnlyFans App"},"image":{"@id":"https:\/\/www.ofapp.download\/#\/schema\/logo\/image\/"}}]}},"_links":{"self":[{"href":"https:\/\/www.ofapp.download\/tr\/wp-json\/wp\/v2\/pages\/56","targetHints":{"allow":["GET"]}}],"collection":[{"href":"https:\/\/www.ofapp.download\/tr\/wp-json\/wp\/v2\/pages"}],"about":[{"href":"https:\/\/www.ofapp.download\/tr\/wp-json\/wp\/v2\/types\/page"}],"author":[{"embeddable":true,"href":"https:\/\/www.ofapp.download\/tr\/wp-json\/wp\/v2\/users\/1"}],"replies":[{"embeddable":true,"href":"https:\/\/www.ofapp.download\/tr\/wp-json\/wp\/v2\/comments?post=56"}],"version-history":[{"count":2,"href":"https:\/\/www.ofapp.download\/tr\/wp-json\/wp\/v2\/pages\/56\/revisions"}],"predecessor-version":[{"id":94,"href":"https:\/\/www.ofapp.download\/tr\/wp-json\/wp\/v2\/pages\/56\/revisions\/94"}],"wp:attachment":[{"href":"https:\/\/www.ofapp.download\/tr\/wp-json\/wp\/v2\/media?parent=56"}],"curies":[{"name":"wp","href":"https:\/\/api.w.org\/{rel}","templated":true}]}}