{"id":46,"date":"2023-09-05T18:57:19","date_gmt":"2023-09-05T18:57:19","guid":{"rendered":"https:\/\/www.onlyfansapp.download\/?page_id=46"},"modified":"2026-02-15T18:42:46","modified_gmt":"2026-02-15T18:42:46","slug":"hakkimizda","status":"publish","type":"page","link":"https:\/\/www.ofapp.download\/tr\/hakkimizda\/","title":{"rendered":"Hakk\u0131m\u0131zda"},"content":{"rendered":"<p><a href=\"\/tr\/\">oapp.download<\/a> Android i\u00e7in OnlyFans uygulamas\u0131n\u0131 indirmek i\u00e7in ba\u011flant\u0131lar sa\u011flayan bir web sitesidir. OnlyFans ile hi\u00e7bir \u015fekilde ba\u011flant\u0131l\u0131 de\u011filiz ve uygulaman\u0131n i\u00e7eri\u011finin hi\u00e7birini bar\u0131nd\u0131rm\u0131yor veya saklam\u0131yoruz. Amac\u0131m\u0131z, kullan\u0131c\u0131lar\u0131n OnlyFans uygulamas\u0131n\u0131 indirmeleri ve b\u00f6ylece i\u00e7eri\u011fine eri\u015febilmeleri i\u00e7in uygun bir yol sa\u011flamakt\u0131r.<\/p>\n\n\n\n<p>Yaln\u0131zca g\u00fcvenli ve do\u011frulanm\u0131\u015f APK dosyalar\u0131n\u0131n ba\u011flant\u0131lar\u0131n\u0131 payla\u015f\u0131yoruz. K\u00f6t\u00fc ama\u00e7l\u0131 yaz\u0131l\u0131m ve di\u011fer zararl\u0131 i\u00e7eriklerden ar\u0131nm\u0131\u015f olduklar\u0131ndan emin olmak i\u00e7in yay\u0131nlanmadan \u00f6nce t\u00fcm ba\u011flant\u0131lar\u0131m\u0131z\u0131 tar\u0131yoruz. Ayr\u0131ca gizlili\u011finizi korumak i\u00e7in de ad\u0131mlar at\u0131yoruz. <\/p>\n\n\n\n<p>Kullan\u0131c\u0131lar\u0131m\u0131zdan herhangi bir ki\u015fisel bilgi toplam\u0131yoruz ve tarama etkinli\u011finizi takip etmiyoruz.<\/p>\n\n\n\n<p>Umar\u0131z OnlyFans APK \u0130ndir'i faydal\u0131 bir kaynak olarak bulursunuz. Herhangi bir sorunuz veya geri bildiriminiz varsa, l\u00fctfen \u00e7ekinmeyin <a href=\"\/tr\/contact us\/\">Bize ula\u015f\u0131n<\/a>.<\/p>","protected":false},"excerpt":{"rendered":"<p>oapp.download is a website that provides links to download the OnlyFans app for Android. We are not affiliated with OnlyFans in any way, and we do not host or store any of the app&#8217;s content. Our goal is to provide a convenient way for users to download the OnlyFans app so that they can access &#8230; <a title=\"Hakk\u0131m\u0131zda\" class=\"read-more\" href=\"https:\/\/www.ofapp.download\/tr\/hakkimizda\/\" aria-label=\"More on About Us\">Devam\u0131n\u0131 oku<\/a><\/p>","protected":false},"author":1,"featured_media":0,"parent":0,"menu_order":0,"comment_status":"closed","ping_status":"closed","template":"","meta":{"footnotes":""},"class_list":["post-46","page","type-page","status-publish"],"yoast_head":"<!-- This site is optimized with the Yoast SEO plugin v26.9 - https:\/\/yoast.com\/product\/yoast-seo-wordpress\/ -->\n<title>About Us | OnlyFans App<\/title>\n<meta name=\"robots\" content=\"index, follow, max-snippet:-1, max-image-preview:large, max-video-preview:-1\" \/>\n<link rel=\"canonical\" href=\"https:\/\/www.ofapp.download\/tr\/hakkimizda\/\" \/>\n<meta property=\"og:locale\" content=\"tr_TR\" \/>\n<meta property=\"og:type\" content=\"article\" \/>\n<meta property=\"og:title\" content=\"About Us | OnlyFans App\" \/>\n<meta property=\"og:description\" content=\"oapp.download is a website that provides links to download the OnlyFans app for Android. We are not affiliated with OnlyFans in any way, and we do not host or store any of the app&#8217;s content. Our goal is to provide a convenient way for users to download the OnlyFans app so that they can access ... Devam\u0131n\u0131 oku\" \/>\n<meta property=\"og:url\" content=\"https:\/\/www.ofapp.download\/tr\/hakkimizda\/\" \/>\n<meta property=\"og:site_name\" content=\"OnlyFans App\" \/>\n<meta property=\"article:modified_time\" content=\"2026-02-15T18:42:46+00:00\" \/>\n<meta name=\"twitter:card\" content=\"summary_large_image\" \/>\n<meta name=\"twitter:label1\" content=\"Tahmini okuma s\u00fcresi\" \/>\n\t<meta name=\"twitter:data1\" content=\"1 dakika\" \/>\n<script type=\"application\/ld+json\" class=\"yoast-schema-graph\">{\"@context\":\"https:\/\/schema.org\",\"@graph\":[{\"@type\":\"WebPage\",\"@id\":\"https:\/\/www.ofapp.download\/about-us\/\",\"url\":\"https:\/\/www.ofapp.download\/about-us\/\",\"name\":\"About Us | OnlyFans App\",\"isPartOf\":{\"@id\":\"https:\/\/www.ofapp.download\/#website\"},\"datePublished\":\"2023-09-05T18:57:19+00:00\",\"dateModified\":\"2026-02-15T18:42:46+00:00\",\"breadcrumb\":{\"@id\":\"https:\/\/www.ofapp.download\/about-us\/#breadcrumb\"},\"inLanguage\":\"tr\",\"potentialAction\":[{\"@type\":\"ReadAction\",\"target\":[\"https:\/\/www.ofapp.download\/about-us\/\"]}]},{\"@type\":\"BreadcrumbList\",\"@id\":\"https:\/\/www.ofapp.download\/about-us\/#breadcrumb\",\"itemListElement\":[{\"@type\":\"ListItem\",\"position\":1,\"name\":\"Home\",\"item\":\"https:\/\/www.ofapp.download\/\"},{\"@type\":\"ListItem\",\"position\":2,\"name\":\"About Us\"}]},{\"@type\":\"WebSite\",\"@id\":\"https:\/\/www.ofapp.download\/#website\",\"url\":\"https:\/\/www.ofapp.download\/\",\"name\":\"OnlyFans App\",\"description\":\"Download right now OnlyFans App!\",\"publisher\":{\"@id\":\"https:\/\/www.ofapp.download\/#organization\"},\"alternateName\":\"OnlyFans\",\"potentialAction\":[{\"@type\":\"SearchAction\",\"target\":{\"@type\":\"EntryPoint\",\"urlTemplate\":\"https:\/\/www.ofapp.download\/?s={search_term_string}\"},\"query-input\":{\"@type\":\"PropertyValueSpecification\",\"valueRequired\":true,\"valueName\":\"search_term_string\"}}],\"inLanguage\":\"tr\"},{\"@type\":\"Organization\",\"@id\":\"https:\/\/www.ofapp.download\/#organization\",\"name\":\"OnlyFans App\",\"alternateName\":\"OnlyFans\",\"url\":\"https:\/\/www.ofapp.download\/\",\"logo\":{\"@type\":\"ImageObject\",\"inLanguage\":\"tr\",\"@id\":\"https:\/\/www.ofapp.download\/#\/schema\/logo\/image\/\",\"url\":\"https:\/\/www.onlyfansapp.download\/wp-content\/uploads\/OnlyFans-App-Icon.png\",\"contentUrl\":\"https:\/\/www.onlyfansapp.download\/wp-content\/uploads\/OnlyFans-App-Icon.png\",\"width\":512,\"height\":512,\"caption\":\"OnlyFans App\"},\"image\":{\"@id\":\"https:\/\/www.ofapp.download\/#\/schema\/logo\/image\/\"}}]}<\/script>\n<!-- \/ Yoast SEO plugin. -->","yoast_head_json":{"title":"Hakk\u0131m\u0131zda | OnlyFans Uygulamas\u0131","robots":{"index":"index","follow":"follow","max-snippet":"max-snippet:-1","max-image-preview":"max-image-preview:large","max-video-preview":"max-video-preview:-1"},"canonical":"https:\/\/www.ofapp.download\/tr\/hakkimizda\/","og_locale":"tr_TR","og_type":"article","og_title":"About Us | OnlyFans App","og_description":"oapp.download is a website that provides links to download the OnlyFans app for Android. We are not affiliated with OnlyFans in any way, and we do not host or store any of the app&#8217;s content. Our goal is to provide a convenient way for users to download the OnlyFans app so that they can access ... Devam\u0131n\u0131 oku","og_url":"https:\/\/www.ofapp.download\/tr\/hakkimizda\/","og_site_name":"OnlyFans App","article_modified_time":"2026-02-15T18:42:46+00:00","twitter_card":"summary_large_image","twitter_misc":{"Tahmini okuma s\u00fcresi":"1 dakika"},"schema":{"@context":"https:\/\/schema.org","@graph":[{"@type":"WebPage","@id":"https:\/\/www.ofapp.download\/about-us\/","url":"https:\/\/www.ofapp.download\/about-us\/","name":"Hakk\u0131m\u0131zda | OnlyFans Uygulamas\u0131","isPartOf":{"@id":"https:\/\/www.ofapp.download\/#website"},"datePublished":"2023-09-05T18:57:19+00:00","dateModified":"2026-02-15T18:42:46+00:00","breadcrumb":{"@id":"https:\/\/www.ofapp.download\/about-us\/#breadcrumb"},"inLanguage":"tr","potentialAction":[{"@type":"ReadAction","target":["https:\/\/www.ofapp.download\/about-us\/"]}]},{"@type":"BreadcrumbList","@id":"https:\/\/www.ofapp.download\/about-us\/#breadcrumb","itemListElement":[{"@type":"ListItem","position":1,"name":"Home","item":"https:\/\/www.ofapp.download\/"},{"@type":"ListItem","position":2,"name":"About Us"}]},{"@type":"WebSite","@id":"https:\/\/www.ofapp.download\/#website","url":"https:\/\/www.ofapp.download\/","name":"OnlyFans Uygulamas\u0131","description":"Hemen OnlyFans Uygulamas\u0131n\u0131 indirin!","publisher":{"@id":"https:\/\/www.ofapp.download\/#organization"},"alternateName":"OnlyFans","potentialAction":[{"@type":"SearchAction","target":{"@type":"EntryPoint","urlTemplate":"https:\/\/www.ofapp.download\/?s={search_term_string}"},"query-input":{"@type":"PropertyValueSpecification","valueRequired":true,"valueName":"search_term_string"}}],"inLanguage":"tr"},{"@type":"Organization","@id":"https:\/\/www.ofapp.download\/#organization","name":"OnlyFans Uygulamas\u0131","alternateName":"OnlyFans","url":"https:\/\/www.ofapp.download\/","logo":{"@type":"ImageObject","inLanguage":"tr","@id":"https:\/\/www.ofapp.download\/#\/schema\/logo\/image\/","url":"https:\/\/www.onlyfansapp.download\/wp-content\/uploads\/OnlyFans-App-Icon.png","contentUrl":"https:\/\/www.onlyfansapp.download\/wp-content\/uploads\/OnlyFans-App-Icon.png","width":512,"height":512,"caption":"OnlyFans App"},"image":{"@id":"https:\/\/www.ofapp.download\/#\/schema\/logo\/image\/"}}]}},"_links":{"self":[{"href":"https:\/\/www.ofapp.download\/tr\/wp-json\/wp\/v2\/pages\/46","targetHints":{"allow":["GET"]}}],"collection":[{"href":"https:\/\/www.ofapp.download\/tr\/wp-json\/wp\/v2\/pages"}],"about":[{"href":"https:\/\/www.ofapp.download\/tr\/wp-json\/wp\/v2\/types\/page"}],"author":[{"embeddable":true,"href":"https:\/\/www.ofapp.download\/tr\/wp-json\/wp\/v2\/users\/1"}],"replies":[{"embeddable":true,"href":"https:\/\/www.ofapp.download\/tr\/wp-json\/wp\/v2\/comments?post=46"}],"version-history":[{"count":2,"href":"https:\/\/www.ofapp.download\/tr\/wp-json\/wp\/v2\/pages\/46\/revisions"}],"predecessor-version":[{"id":124,"href":"https:\/\/www.ofapp.download\/tr\/wp-json\/wp\/v2\/pages\/46\/revisions\/124"}],"wp:attachment":[{"href":"https:\/\/www.ofapp.download\/tr\/wp-json\/wp\/v2\/media?parent=46"}],"curies":[{"name":"wp","href":"https:\/\/api.w.org\/{rel}","templated":true}]}}