{"id":56,"date":"2023-09-05T19:04:23","date_gmt":"2023-09-05T19:04:23","guid":{"rendered":"https:\/\/www.onlyfansapp.download\/?page_id=56"},"modified":"2026-02-15T19:26:56","modified_gmt":"2026-02-15T19:26:56","slug":"isencao-de-responsabilidade","status":"publish","type":"page","link":"https:\/\/www.ofapp.download\/pt\/isencao-de-responsabilidade\/","title":{"rendered":"Isen\u00e7\u00e3o de responsabilidade"},"content":{"rendered":"<p>Este site n\u00e3o \u00e9 afiliado a <a href=\"\/pt\/\">Somente f\u00e3s<\/a> de qualquer forma. N\u00e3o somos respons\u00e1veis pelo conte\u00fado do OnlyFans ou pelas a\u00e7\u00f5es de seus usu\u00e1rios. Os links para download do APK do OnlyFans fornecidos neste site s\u00e3o apenas para fins informativos. N\u00f3s mesmos n\u00e3o hospedamos nem distribu\u00edmos os arquivos APK. Recomendamos que voc\u00ea sempre use o site oficial do OnlyFans em vez do aplicativo.<\/p>\n\n\n\n<p>Ao usar este site, voc\u00ea concorda com os seguintes termos:<\/p>\n\n\n\n<ul class=\"wp-block-list\">\n<li>Voc\u00ea \u00e9 respons\u00e1vel por suas pr\u00f3prias a\u00e7\u00f5es e por todas as consequ\u00eancias delas.<\/li>\n\n\n\n<li>Voc\u00ea concorda em n\u00e3o usar este site para qualquer finalidade ilegal ou n\u00e3o autorizada.<\/li>\n\n\n\n<li>Voc\u00ea concorda em n\u00e3o distribuir ou compartilhar os arquivos APK do OnlyFans com outras pessoas.<\/li>\n\n\n\n<li>Voc\u00ea concorda em indenizar e nos isentar de quaisquer reclama\u00e7\u00f5es ou danos decorrentes do seu uso deste site.<\/li>\n<\/ul>\n\n\n\n<p>Reservamo-nos o direito de alterar ou modificar esta isen\u00e7\u00e3o de responsabilidade a qualquer momento. Ao continuar a usar este site ap\u00f3s a realiza\u00e7\u00e3o de quaisquer altera\u00e7\u00f5es, voc\u00ea concorda com a nova isen\u00e7\u00e3o de responsabilidade.<\/p>","protected":false},"excerpt":{"rendered":"<p>Este site n\u00e3o \u00e9 afiliado ao OnlyFans de forma alguma. N\u00e3o somos respons\u00e1veis pelo conte\u00fado do OnlyFans ou pelas a\u00e7\u00f5es de seus usu\u00e1rios. Os links para download do APK do OnlyFans fornecidos neste site s\u00e3o apenas para fins informativos. N\u00f3s mesmos n\u00e3o hospedamos nem distribu\u00edmos os arquivos APK. Recomendamos que voc\u00ea sempre use ... <a title=\"Isen\u00e7\u00e3o de responsabilidade\" class=\"read-more\" href=\"https:\/\/www.ofapp.download\/pt\/isencao-de-responsabilidade\/\" aria-label=\"More on Disclaimer\">Ler mais<\/a><\/p>","protected":false},"author":1,"featured_media":0,"parent":0,"menu_order":0,"comment_status":"closed","ping_status":"closed","template":"","meta":{"footnotes":""},"class_list":["post-56","page","type-page","status-publish"],"yoast_head":"<!-- This site is optimized with the Yoast SEO plugin v26.9 - https:\/\/yoast.com\/product\/yoast-seo-wordpress\/ -->\n<title>Disclaimer | OnlyFans App<\/title>\n<meta name=\"robots\" content=\"index, follow, max-snippet:-1, max-image-preview:large, max-video-preview:-1\" \/>\n<link rel=\"canonical\" href=\"https:\/\/www.ofapp.download\/pt\/isencao-de-responsabilidade\/\" \/>\n<meta property=\"og:locale\" content=\"pt_BR\" \/>\n<meta property=\"og:type\" content=\"article\" \/>\n<meta property=\"og:title\" content=\"Disclaimer | OnlyFans App\" \/>\n<meta property=\"og:description\" content=\"This website is not affiliated with OnlyFans in any way. We are not responsible for the content of OnlyFans or the actions of its users. The OnlyFans APK download links provided on this website are for informational purposes only. We do not host or distribute the APK files ourselves. We recommend that you always use ... Ler mais\" \/>\n<meta property=\"og:url\" content=\"https:\/\/www.ofapp.download\/pt\/isencao-de-responsabilidade\/\" \/>\n<meta property=\"og:site_name\" content=\"OnlyFans App\" \/>\n<meta property=\"article:modified_time\" content=\"2026-02-15T19:26:56+00:00\" \/>\n<meta name=\"twitter:card\" content=\"summary_large_image\" \/>\n<meta name=\"twitter:label1\" content=\"Est. tempo de leitura\" \/>\n\t<meta name=\"twitter:data1\" content=\"1 minuto\" \/>\n<script type=\"application\/ld+json\" class=\"yoast-schema-graph\">{\"@context\":\"https:\/\/schema.org\",\"@graph\":[{\"@type\":\"WebPage\",\"@id\":\"https:\/\/www.ofapp.download\/disclaimer\/\",\"url\":\"https:\/\/www.ofapp.download\/disclaimer\/\",\"name\":\"Disclaimer | OnlyFans App\",\"isPartOf\":{\"@id\":\"https:\/\/www.ofapp.download\/#website\"},\"datePublished\":\"2023-09-05T19:04:23+00:00\",\"dateModified\":\"2026-02-15T19:26:56+00:00\",\"breadcrumb\":{\"@id\":\"https:\/\/www.ofapp.download\/disclaimer\/#breadcrumb\"},\"inLanguage\":\"pt-BR\",\"potentialAction\":[{\"@type\":\"ReadAction\",\"target\":[\"https:\/\/www.ofapp.download\/disclaimer\/\"]}]},{\"@type\":\"BreadcrumbList\",\"@id\":\"https:\/\/www.ofapp.download\/disclaimer\/#breadcrumb\",\"itemListElement\":[{\"@type\":\"ListItem\",\"position\":1,\"name\":\"Home\",\"item\":\"https:\/\/www.ofapp.download\/\"},{\"@type\":\"ListItem\",\"position\":2,\"name\":\"Disclaimer\"}]},{\"@type\":\"WebSite\",\"@id\":\"https:\/\/www.ofapp.download\/#website\",\"url\":\"https:\/\/www.ofapp.download\/\",\"name\":\"OnlyFans App\",\"description\":\"Download right now OnlyFans App!\",\"publisher\":{\"@id\":\"https:\/\/www.ofapp.download\/#organization\"},\"alternateName\":\"OnlyFans\",\"potentialAction\":[{\"@type\":\"SearchAction\",\"target\":{\"@type\":\"EntryPoint\",\"urlTemplate\":\"https:\/\/www.ofapp.download\/?s={search_term_string}\"},\"query-input\":{\"@type\":\"PropertyValueSpecification\",\"valueRequired\":true,\"valueName\":\"search_term_string\"}}],\"inLanguage\":\"pt-BR\"},{\"@type\":\"Organization\",\"@id\":\"https:\/\/www.ofapp.download\/#organization\",\"name\":\"OnlyFans App\",\"alternateName\":\"OnlyFans\",\"url\":\"https:\/\/www.ofapp.download\/\",\"logo\":{\"@type\":\"ImageObject\",\"inLanguage\":\"pt-BR\",\"@id\":\"https:\/\/www.ofapp.download\/#\/schema\/logo\/image\/\",\"url\":\"https:\/\/www.onlyfansapp.download\/wp-content\/uploads\/OnlyFans-App-Icon.png\",\"contentUrl\":\"https:\/\/www.onlyfansapp.download\/wp-content\/uploads\/OnlyFans-App-Icon.png\",\"width\":512,\"height\":512,\"caption\":\"OnlyFans App\"},\"image\":{\"@id\":\"https:\/\/www.ofapp.download\/#\/schema\/logo\/image\/\"}}]}<\/script>\n<!-- \/ Yoast SEO plugin. -->","yoast_head_json":{"title":"Isen\u00e7\u00e3o de responsabilidade | Aplicativo OnlyFans","robots":{"index":"index","follow":"follow","max-snippet":"max-snippet:-1","max-image-preview":"max-image-preview:large","max-video-preview":"max-video-preview:-1"},"canonical":"https:\/\/www.ofapp.download\/pt\/isencao-de-responsabilidade\/","og_locale":"pt_BR","og_type":"article","og_title":"Disclaimer | OnlyFans App","og_description":"This website is not affiliated with OnlyFans in any way. We are not responsible for the content of OnlyFans or the actions of its users. The OnlyFans APK download links provided on this website are for informational purposes only. We do not host or distribute the APK files ourselves. We recommend that you always use ... Ler mais","og_url":"https:\/\/www.ofapp.download\/pt\/isencao-de-responsabilidade\/","og_site_name":"OnlyFans App","article_modified_time":"2026-02-15T19:26:56+00:00","twitter_card":"summary_large_image","twitter_misc":{"Est. tempo de leitura":"1 minuto"},"schema":{"@context":"https:\/\/schema.org","@graph":[{"@type":"WebPage","@id":"https:\/\/www.ofapp.download\/disclaimer\/","url":"https:\/\/www.ofapp.download\/disclaimer\/","name":"Isen\u00e7\u00e3o de responsabilidade | Aplicativo OnlyFans","isPartOf":{"@id":"https:\/\/www.ofapp.download\/#website"},"datePublished":"2023-09-05T19:04:23+00:00","dateModified":"2026-02-15T19:26:56+00:00","breadcrumb":{"@id":"https:\/\/www.ofapp.download\/disclaimer\/#breadcrumb"},"inLanguage":"pt-BR","potentialAction":[{"@type":"ReadAction","target":["https:\/\/www.ofapp.download\/disclaimer\/"]}]},{"@type":"BreadcrumbList","@id":"https:\/\/www.ofapp.download\/disclaimer\/#breadcrumb","itemListElement":[{"@type":"ListItem","position":1,"name":"Home","item":"https:\/\/www.ofapp.download\/"},{"@type":"ListItem","position":2,"name":"Disclaimer"}]},{"@type":"WebSite","@id":"https:\/\/www.ofapp.download\/#website","url":"https:\/\/www.ofapp.download\/","name":"Aplicativo OnlyFans","description":"Baixe agora mesmo o aplicativo OnlyFans!","publisher":{"@id":"https:\/\/www.ofapp.download\/#organization"},"alternateName":"OnlyFans","potentialAction":[{"@type":"SearchAction","target":{"@type":"EntryPoint","urlTemplate":"https:\/\/www.ofapp.download\/?s={search_term_string}"},"query-input":{"@type":"PropertyValueSpecification","valueRequired":true,"valueName":"search_term_string"}}],"inLanguage":"pt-BR"},{"@type":"Organization","@id":"https:\/\/www.ofapp.download\/#organization","name":"Aplicativo OnlyFans","alternateName":"OnlyFans","url":"https:\/\/www.ofapp.download\/","logo":{"@type":"ImageObject","inLanguage":"pt-BR","@id":"https:\/\/www.ofapp.download\/#\/schema\/logo\/image\/","url":"https:\/\/www.onlyfansapp.download\/wp-content\/uploads\/OnlyFans-App-Icon.png","contentUrl":"https:\/\/www.onlyfansapp.download\/wp-content\/uploads\/OnlyFans-App-Icon.png","width":512,"height":512,"caption":"OnlyFans App"},"image":{"@id":"https:\/\/www.ofapp.download\/#\/schema\/logo\/image\/"}}]}},"_links":{"self":[{"href":"https:\/\/www.ofapp.download\/pt\/wp-json\/wp\/v2\/pages\/56","targetHints":{"allow":["GET"]}}],"collection":[{"href":"https:\/\/www.ofapp.download\/pt\/wp-json\/wp\/v2\/pages"}],"about":[{"href":"https:\/\/www.ofapp.download\/pt\/wp-json\/wp\/v2\/types\/page"}],"author":[{"embeddable":true,"href":"https:\/\/www.ofapp.download\/pt\/wp-json\/wp\/v2\/users\/1"}],"replies":[{"embeddable":true,"href":"https:\/\/www.ofapp.download\/pt\/wp-json\/wp\/v2\/comments?post=56"}],"version-history":[{"count":2,"href":"https:\/\/www.ofapp.download\/pt\/wp-json\/wp\/v2\/pages\/56\/revisions"}],"predecessor-version":[{"id":94,"href":"https:\/\/www.ofapp.download\/pt\/wp-json\/wp\/v2\/pages\/56\/revisions\/94"}],"wp:attachment":[{"href":"https:\/\/www.ofapp.download\/pt\/wp-json\/wp\/v2\/media?parent=56"}],"curies":[{"name":"wp","href":"https:\/\/api.w.org\/{rel}","templated":true}]}}