{"id":46,"date":"2023-09-05T18:57:19","date_gmt":"2023-09-05T18:57:19","guid":{"rendered":"https:\/\/www.onlyfansapp.download\/?page_id=46"},"modified":"2026-02-15T18:42:46","modified_gmt":"2026-02-15T18:42:46","slug":"sobre-nos","status":"publish","type":"page","link":"https:\/\/www.ofapp.download\/pt\/sobre-nos\/","title":{"rendered":"Sobre n\u00f3s"},"content":{"rendered":"<p><a href=\"\/pt\/\">oapp.download<\/a> \u00e9 um site que fornece links para o download do aplicativo OnlyFans para Android. N\u00e3o somos afiliados ao OnlyFans de forma alguma e n\u00e3o hospedamos nem armazenamos nenhum conte\u00fado do aplicativo. Nosso objetivo \u00e9 fornecer uma maneira conveniente para os usu\u00e1rios baixarem o aplicativo OnlyFans para que possam acessar seu conte\u00fado.<\/p>\n\n\n\n<p>Compartilhamos apenas links para arquivos APK seguros e verificados. Verificamos todos os nossos links antes de serem publicados para garantir que estejam livres de malware e outros conte\u00fados maliciosos. Tamb\u00e9m tomamos medidas para proteger sua privacidade. <\/p>\n\n\n\n<p>N\u00e3o coletamos nenhuma informa\u00e7\u00e3o pessoal de nossos usu\u00e1rios e n\u00e3o rastreamos sua atividade de navega\u00e7\u00e3o.<\/p>\n\n\n\n<p>Esperamos que voc\u00ea considere o OnlyFans APK Download um recurso \u00fatil. Se tiver alguma d\u00favida ou coment\u00e1rio, sinta-se \u00e0 vontade para <a href=\"\/pt\/contact us\/\">Entre em contato conosco<\/a>.<\/p>","protected":false},"excerpt":{"rendered":"<p>oapp.download \u00e9 um site que fornece links para o download do aplicativo OnlyFans para Android. N\u00e3o somos afiliados ao OnlyFans de forma alguma e n\u00e3o hospedamos ou armazenamos nenhum conte\u00fado do aplicativo. Nosso objetivo \u00e9 fornecer uma maneira conveniente para os usu\u00e1rios baixarem o aplicativo OnlyFans para que possam acessar ... <a title=\"Sobre n\u00f3s\" class=\"read-more\" href=\"https:\/\/www.ofapp.download\/pt\/sobre-nos\/\" aria-label=\"More on About Us\">Ler mais<\/a><\/p>","protected":false},"author":1,"featured_media":0,"parent":0,"menu_order":0,"comment_status":"closed","ping_status":"closed","template":"","meta":{"footnotes":""},"class_list":["post-46","page","type-page","status-publish"],"yoast_head":"<!-- This site is optimized with the Yoast SEO plugin v26.9 - https:\/\/yoast.com\/product\/yoast-seo-wordpress\/ -->\n<title>About Us | OnlyFans App<\/title>\n<meta name=\"robots\" content=\"index, follow, max-snippet:-1, max-image-preview:large, max-video-preview:-1\" \/>\n<link rel=\"canonical\" href=\"https:\/\/www.ofapp.download\/pt\/sobre-nos\/\" \/>\n<meta property=\"og:locale\" content=\"pt_BR\" \/>\n<meta property=\"og:type\" content=\"article\" \/>\n<meta property=\"og:title\" content=\"About Us | OnlyFans App\" \/>\n<meta property=\"og:description\" content=\"oapp.download is a website that provides links to download the OnlyFans app for Android. We are not affiliated with OnlyFans in any way, and we do not host or store any of the app&#8217;s content. Our goal is to provide a convenient way for users to download the OnlyFans app so that they can access ... Ler mais\" \/>\n<meta property=\"og:url\" content=\"https:\/\/www.ofapp.download\/pt\/sobre-nos\/\" \/>\n<meta property=\"og:site_name\" content=\"OnlyFans App\" \/>\n<meta property=\"article:modified_time\" content=\"2026-02-15T18:42:46+00:00\" \/>\n<meta name=\"twitter:card\" content=\"summary_large_image\" \/>\n<meta name=\"twitter:label1\" content=\"Est. tempo de leitura\" \/>\n\t<meta name=\"twitter:data1\" content=\"1 minuto\" \/>\n<script type=\"application\/ld+json\" class=\"yoast-schema-graph\">{\"@context\":\"https:\/\/schema.org\",\"@graph\":[{\"@type\":\"WebPage\",\"@id\":\"https:\/\/www.ofapp.download\/about-us\/\",\"url\":\"https:\/\/www.ofapp.download\/about-us\/\",\"name\":\"About Us | OnlyFans App\",\"isPartOf\":{\"@id\":\"https:\/\/www.ofapp.download\/#website\"},\"datePublished\":\"2023-09-05T18:57:19+00:00\",\"dateModified\":\"2026-02-15T18:42:46+00:00\",\"breadcrumb\":{\"@id\":\"https:\/\/www.ofapp.download\/about-us\/#breadcrumb\"},\"inLanguage\":\"pt-BR\",\"potentialAction\":[{\"@type\":\"ReadAction\",\"target\":[\"https:\/\/www.ofapp.download\/about-us\/\"]}]},{\"@type\":\"BreadcrumbList\",\"@id\":\"https:\/\/www.ofapp.download\/about-us\/#breadcrumb\",\"itemListElement\":[{\"@type\":\"ListItem\",\"position\":1,\"name\":\"Home\",\"item\":\"https:\/\/www.ofapp.download\/\"},{\"@type\":\"ListItem\",\"position\":2,\"name\":\"About Us\"}]},{\"@type\":\"WebSite\",\"@id\":\"https:\/\/www.ofapp.download\/#website\",\"url\":\"https:\/\/www.ofapp.download\/\",\"name\":\"OnlyFans App\",\"description\":\"Download right now OnlyFans App!\",\"publisher\":{\"@id\":\"https:\/\/www.ofapp.download\/#organization\"},\"alternateName\":\"OnlyFans\",\"potentialAction\":[{\"@type\":\"SearchAction\",\"target\":{\"@type\":\"EntryPoint\",\"urlTemplate\":\"https:\/\/www.ofapp.download\/?s={search_term_string}\"},\"query-input\":{\"@type\":\"PropertyValueSpecification\",\"valueRequired\":true,\"valueName\":\"search_term_string\"}}],\"inLanguage\":\"pt-BR\"},{\"@type\":\"Organization\",\"@id\":\"https:\/\/www.ofapp.download\/#organization\",\"name\":\"OnlyFans App\",\"alternateName\":\"OnlyFans\",\"url\":\"https:\/\/www.ofapp.download\/\",\"logo\":{\"@type\":\"ImageObject\",\"inLanguage\":\"pt-BR\",\"@id\":\"https:\/\/www.ofapp.download\/#\/schema\/logo\/image\/\",\"url\":\"https:\/\/www.onlyfansapp.download\/wp-content\/uploads\/OnlyFans-App-Icon.png\",\"contentUrl\":\"https:\/\/www.onlyfansapp.download\/wp-content\/uploads\/OnlyFans-App-Icon.png\",\"width\":512,\"height\":512,\"caption\":\"OnlyFans App\"},\"image\":{\"@id\":\"https:\/\/www.ofapp.download\/#\/schema\/logo\/image\/\"}}]}<\/script>\n<!-- \/ Yoast SEO plugin. -->","yoast_head_json":{"title":"Sobre n\u00f3s | Aplicativo OnlyFans","robots":{"index":"index","follow":"follow","max-snippet":"max-snippet:-1","max-image-preview":"max-image-preview:large","max-video-preview":"max-video-preview:-1"},"canonical":"https:\/\/www.ofapp.download\/pt\/sobre-nos\/","og_locale":"pt_BR","og_type":"article","og_title":"About Us | OnlyFans App","og_description":"oapp.download is a website that provides links to download the OnlyFans app for Android. We are not affiliated with OnlyFans in any way, and we do not host or store any of the app&#8217;s content. Our goal is to provide a convenient way for users to download the OnlyFans app so that they can access ... Ler mais","og_url":"https:\/\/www.ofapp.download\/pt\/sobre-nos\/","og_site_name":"OnlyFans App","article_modified_time":"2026-02-15T18:42:46+00:00","twitter_card":"summary_large_image","twitter_misc":{"Est. tempo de leitura":"1 minuto"},"schema":{"@context":"https:\/\/schema.org","@graph":[{"@type":"WebPage","@id":"https:\/\/www.ofapp.download\/about-us\/","url":"https:\/\/www.ofapp.download\/about-us\/","name":"Sobre n\u00f3s | Aplicativo OnlyFans","isPartOf":{"@id":"https:\/\/www.ofapp.download\/#website"},"datePublished":"2023-09-05T18:57:19+00:00","dateModified":"2026-02-15T18:42:46+00:00","breadcrumb":{"@id":"https:\/\/www.ofapp.download\/about-us\/#breadcrumb"},"inLanguage":"pt-BR","potentialAction":[{"@type":"ReadAction","target":["https:\/\/www.ofapp.download\/about-us\/"]}]},{"@type":"BreadcrumbList","@id":"https:\/\/www.ofapp.download\/about-us\/#breadcrumb","itemListElement":[{"@type":"ListItem","position":1,"name":"Home","item":"https:\/\/www.ofapp.download\/"},{"@type":"ListItem","position":2,"name":"About Us"}]},{"@type":"WebSite","@id":"https:\/\/www.ofapp.download\/#website","url":"https:\/\/www.ofapp.download\/","name":"Aplicativo OnlyFans","description":"Baixe agora mesmo o aplicativo OnlyFans!","publisher":{"@id":"https:\/\/www.ofapp.download\/#organization"},"alternateName":"OnlyFans","potentialAction":[{"@type":"SearchAction","target":{"@type":"EntryPoint","urlTemplate":"https:\/\/www.ofapp.download\/?s={search_term_string}"},"query-input":{"@type":"PropertyValueSpecification","valueRequired":true,"valueName":"search_term_string"}}],"inLanguage":"pt-BR"},{"@type":"Organization","@id":"https:\/\/www.ofapp.download\/#organization","name":"Aplicativo OnlyFans","alternateName":"OnlyFans","url":"https:\/\/www.ofapp.download\/","logo":{"@type":"ImageObject","inLanguage":"pt-BR","@id":"https:\/\/www.ofapp.download\/#\/schema\/logo\/image\/","url":"https:\/\/www.onlyfansapp.download\/wp-content\/uploads\/OnlyFans-App-Icon.png","contentUrl":"https:\/\/www.onlyfansapp.download\/wp-content\/uploads\/OnlyFans-App-Icon.png","width":512,"height":512,"caption":"OnlyFans App"},"image":{"@id":"https:\/\/www.ofapp.download\/#\/schema\/logo\/image\/"}}]}},"_links":{"self":[{"href":"https:\/\/www.ofapp.download\/pt\/wp-json\/wp\/v2\/pages\/46","targetHints":{"allow":["GET"]}}],"collection":[{"href":"https:\/\/www.ofapp.download\/pt\/wp-json\/wp\/v2\/pages"}],"about":[{"href":"https:\/\/www.ofapp.download\/pt\/wp-json\/wp\/v2\/types\/page"}],"author":[{"embeddable":true,"href":"https:\/\/www.ofapp.download\/pt\/wp-json\/wp\/v2\/users\/1"}],"replies":[{"embeddable":true,"href":"https:\/\/www.ofapp.download\/pt\/wp-json\/wp\/v2\/comments?post=46"}],"version-history":[{"count":2,"href":"https:\/\/www.ofapp.download\/pt\/wp-json\/wp\/v2\/pages\/46\/revisions"}],"predecessor-version":[{"id":124,"href":"https:\/\/www.ofapp.download\/pt\/wp-json\/wp\/v2\/pages\/46\/revisions\/124"}],"wp:attachment":[{"href":"https:\/\/www.ofapp.download\/pt\/wp-json\/wp\/v2\/media?parent=46"}],"curies":[{"name":"wp","href":"https:\/\/api.w.org\/{rel}","templated":true}]}}