{"id":56,"date":"2023-09-05T19:04:23","date_gmt":"2023-09-05T19:04:23","guid":{"rendered":"https:\/\/www.onlyfansapp.download\/?page_id=56"},"modified":"2026-02-15T19:26:56","modified_gmt":"2026-02-15T19:26:56","slug":"clause-de-non-responsabilite","status":"publish","type":"page","link":"https:\/\/www.ofapp.download\/fr\/clause-de-non-responsabilite\/","title":{"rendered":"Clause de non-responsabilit\u00e9"},"content":{"rendered":"<p>Ce site n'est pas affili\u00e9 \u00e0 <a href=\"\/fr\/\">OnlyFans<\/a> de quelque mani\u00e8re que ce soit. Nous ne sommes pas responsables du contenu d'OnlyFans ou des actions de ses utilisateurs. Les liens de t\u00e9l\u00e9chargement de l'APK d'OnlyFans fournis sur ce site web le sont \u00e0 titre informatif uniquement. Nous n'h\u00e9bergeons ni ne distribuons nous-m\u00eames les fichiers APK. Nous vous recommandons de toujours utiliser le site officiel d'OnlyFans au lieu de l'application.<\/p>\n\n\n\n<p>En utilisant ce site web, vous acceptez les conditions suivantes :<\/p>\n\n\n\n<ul class=\"wp-block-list\">\n<li>Vous \u00eates responsable de vos actes et de leurs cons\u00e9quences.<\/li>\n\n\n\n<li>Vous acceptez de ne pas utiliser ce site web \u00e0 des fins ill\u00e9gales ou non autoris\u00e9es.<\/li>\n\n\n\n<li>Vous acceptez de ne pas distribuer ou partager les fichiers APK OnlyFans avec d'autres.<\/li>\n\n\n\n<li>Vous acceptez de nous indemniser et de nous tenir \u00e0 l'\u00e9cart de toute r\u00e9clamation ou de tout dommage r\u00e9sultant de votre utilisation de ce site web.<\/li>\n<\/ul>\n\n\n\n<p>Nous nous r\u00e9servons le droit de changer ou de modifier cette clause de non-responsabilit\u00e9 \u00e0 tout moment. En continuant \u00e0 utiliser ce site web apr\u00e8s toute modification, vous acceptez la nouvelle clause de non-responsabilit\u00e9.<\/p>","protected":false},"excerpt":{"rendered":"<p>Ce site n'est pas affili\u00e9 \u00e0 OnlyFans de quelque mani\u00e8re que ce soit. Nous ne sommes pas responsables du contenu d'OnlyFans ou des actions de ses utilisateurs. Les liens de t\u00e9l\u00e9chargement de l'APK d'OnlyFans fournis sur ce site le sont \u00e0 titre informatif uniquement. Nous n'h\u00e9bergeons ni ne distribuons les fichiers APK nous-m\u00eames. Nous vous recommandons de toujours utiliser ... <a title=\"Clause de non-responsabilit\u00e9\" class=\"read-more\" href=\"https:\/\/www.ofapp.download\/fr\/clause-de-non-responsabilite\/\" aria-label=\"En savoir plus sur Disclaimer\">Lire la suite<\/a><\/p>","protected":false},"author":1,"featured_media":0,"parent":0,"menu_order":0,"comment_status":"closed","ping_status":"closed","template":"","meta":{"footnotes":""},"class_list":["post-56","page","type-page","status-publish"],"yoast_head":"<!-- This site is optimized with the Yoast SEO plugin v26.9 - https:\/\/yoast.com\/product\/yoast-seo-wordpress\/ -->\n<title>Disclaimer | OnlyFans App<\/title>\n<meta name=\"robots\" content=\"index, follow, max-snippet:-1, max-image-preview:large, max-video-preview:-1\" \/>\n<link rel=\"canonical\" href=\"https:\/\/www.ofapp.download\/fr\/clause-de-non-responsabilite\/\" \/>\n<meta property=\"og:locale\" content=\"fr_FR\" \/>\n<meta property=\"og:type\" content=\"article\" \/>\n<meta property=\"og:title\" content=\"Disclaimer | OnlyFans App\" \/>\n<meta property=\"og:description\" content=\"This website is not affiliated with OnlyFans in any way. We are not responsible for the content of OnlyFans or the actions of its users. The OnlyFans APK download links provided on this website are for informational purposes only. We do not host or distribute the APK files ourselves. We recommend that you always use ... Lire la suite\" \/>\n<meta property=\"og:url\" content=\"https:\/\/www.ofapp.download\/fr\/clause-de-non-responsabilite\/\" \/>\n<meta property=\"og:site_name\" content=\"OnlyFans App\" \/>\n<meta property=\"article:modified_time\" content=\"2026-02-15T19:26:56+00:00\" \/>\n<meta name=\"twitter:card\" content=\"summary_large_image\" \/>\n<meta name=\"twitter:label1\" content=\"Dur\u00e9e de lecture estim\u00e9e\" \/>\n\t<meta name=\"twitter:data1\" content=\"1 minute\" \/>\n<script type=\"application\/ld+json\" class=\"yoast-schema-graph\">{\"@context\":\"https:\/\/schema.org\",\"@graph\":[{\"@type\":\"WebPage\",\"@id\":\"https:\/\/www.ofapp.download\/disclaimer\/\",\"url\":\"https:\/\/www.ofapp.download\/disclaimer\/\",\"name\":\"Disclaimer | OnlyFans App\",\"isPartOf\":{\"@id\":\"https:\/\/www.ofapp.download\/#website\"},\"datePublished\":\"2023-09-05T19:04:23+00:00\",\"dateModified\":\"2026-02-15T19:26:56+00:00\",\"breadcrumb\":{\"@id\":\"https:\/\/www.ofapp.download\/disclaimer\/#breadcrumb\"},\"inLanguage\":\"fr-FR\",\"potentialAction\":[{\"@type\":\"ReadAction\",\"target\":[\"https:\/\/www.ofapp.download\/disclaimer\/\"]}]},{\"@type\":\"BreadcrumbList\",\"@id\":\"https:\/\/www.ofapp.download\/disclaimer\/#breadcrumb\",\"itemListElement\":[{\"@type\":\"ListItem\",\"position\":1,\"name\":\"Home\",\"item\":\"https:\/\/www.ofapp.download\/\"},{\"@type\":\"ListItem\",\"position\":2,\"name\":\"Disclaimer\"}]},{\"@type\":\"WebSite\",\"@id\":\"https:\/\/www.ofapp.download\/#website\",\"url\":\"https:\/\/www.ofapp.download\/\",\"name\":\"OnlyFans App\",\"description\":\"Download right now OnlyFans App!\",\"publisher\":{\"@id\":\"https:\/\/www.ofapp.download\/#organization\"},\"alternateName\":\"OnlyFans\",\"potentialAction\":[{\"@type\":\"SearchAction\",\"target\":{\"@type\":\"EntryPoint\",\"urlTemplate\":\"https:\/\/www.ofapp.download\/?s={search_term_string}\"},\"query-input\":{\"@type\":\"PropertyValueSpecification\",\"valueRequired\":true,\"valueName\":\"search_term_string\"}}],\"inLanguage\":\"fr-FR\"},{\"@type\":\"Organization\",\"@id\":\"https:\/\/www.ofapp.download\/#organization\",\"name\":\"OnlyFans App\",\"alternateName\":\"OnlyFans\",\"url\":\"https:\/\/www.ofapp.download\/\",\"logo\":{\"@type\":\"ImageObject\",\"inLanguage\":\"fr-FR\",\"@id\":\"https:\/\/www.ofapp.download\/#\/schema\/logo\/image\/\",\"url\":\"https:\/\/www.onlyfansapp.download\/wp-content\/uploads\/OnlyFans-App-Icon.png\",\"contentUrl\":\"https:\/\/www.onlyfansapp.download\/wp-content\/uploads\/OnlyFans-App-Icon.png\",\"width\":512,\"height\":512,\"caption\":\"OnlyFans App\"},\"image\":{\"@id\":\"https:\/\/www.ofapp.download\/#\/schema\/logo\/image\/\"}}]}<\/script>\n<!-- \/ Yoast SEO plugin. -->","yoast_head_json":{"title":"Clause de non-responsabilit\u00e9 - OnlyFans App","robots":{"index":"index","follow":"follow","max-snippet":"max-snippet:-1","max-image-preview":"max-image-preview:large","max-video-preview":"max-video-preview:-1"},"canonical":"https:\/\/www.ofapp.download\/fr\/clause-de-non-responsabilite\/","og_locale":"fr_FR","og_type":"article","og_title":"Disclaimer | OnlyFans App","og_description":"This website is not affiliated with OnlyFans in any way. We are not responsible for the content of OnlyFans or the actions of its users. The OnlyFans APK download links provided on this website are for informational purposes only. We do not host or distribute the APK files ourselves. We recommend that you always use ... Lire la suite","og_url":"https:\/\/www.ofapp.download\/fr\/clause-de-non-responsabilite\/","og_site_name":"OnlyFans App","article_modified_time":"2026-02-15T19:26:56+00:00","twitter_card":"summary_large_image","twitter_misc":{"Dur\u00e9e de lecture estim\u00e9e":"1 minute"},"schema":{"@context":"https:\/\/schema.org","@graph":[{"@type":"WebPage","@id":"https:\/\/www.ofapp.download\/disclaimer\/","url":"https:\/\/www.ofapp.download\/disclaimer\/","name":"Clause de non-responsabilit\u00e9 - OnlyFans App","isPartOf":{"@id":"https:\/\/www.ofapp.download\/#website"},"datePublished":"2023-09-05T19:04:23+00:00","dateModified":"2026-02-15T19:26:56+00:00","breadcrumb":{"@id":"https:\/\/www.ofapp.download\/disclaimer\/#breadcrumb"},"inLanguage":"fr-FR","potentialAction":[{"@type":"ReadAction","target":["https:\/\/www.ofapp.download\/disclaimer\/"]}]},{"@type":"BreadcrumbList","@id":"https:\/\/www.ofapp.download\/disclaimer\/#breadcrumb","itemListElement":[{"@type":"ListItem","position":1,"name":"Home","item":"https:\/\/www.ofapp.download\/"},{"@type":"ListItem","position":2,"name":"Disclaimer"}]},{"@type":"WebSite","@id":"https:\/\/www.ofapp.download\/#website","url":"https:\/\/www.ofapp.download\/","name":"Application OnlyFans","description":"T\u00e9l\u00e9chargez d\u00e8s maintenant l'application OnlyFans !","publisher":{"@id":"https:\/\/www.ofapp.download\/#organization"},"alternateName":"OnlyFans","potentialAction":[{"@type":"SearchAction","target":{"@type":"EntryPoint","urlTemplate":"https:\/\/www.ofapp.download\/?s={search_term_string}"},"query-input":{"@type":"PropertyValueSpecification","valueRequired":true,"valueName":"search_term_string"}}],"inLanguage":"fr-FR"},{"@type":"Organization","@id":"https:\/\/www.ofapp.download\/#organization","name":"Application OnlyFans","alternateName":"OnlyFans","url":"https:\/\/www.ofapp.download\/","logo":{"@type":"ImageObject","inLanguage":"fr-FR","@id":"https:\/\/www.ofapp.download\/#\/schema\/logo\/image\/","url":"https:\/\/www.onlyfansapp.download\/wp-content\/uploads\/OnlyFans-App-Icon.png","contentUrl":"https:\/\/www.onlyfansapp.download\/wp-content\/uploads\/OnlyFans-App-Icon.png","width":512,"height":512,"caption":"OnlyFans App"},"image":{"@id":"https:\/\/www.ofapp.download\/#\/schema\/logo\/image\/"}}]}},"_links":{"self":[{"href":"https:\/\/www.ofapp.download\/fr\/wp-json\/wp\/v2\/pages\/56","targetHints":{"allow":["GET"]}}],"collection":[{"href":"https:\/\/www.ofapp.download\/fr\/wp-json\/wp\/v2\/pages"}],"about":[{"href":"https:\/\/www.ofapp.download\/fr\/wp-json\/wp\/v2\/types\/page"}],"author":[{"embeddable":true,"href":"https:\/\/www.ofapp.download\/fr\/wp-json\/wp\/v2\/users\/1"}],"replies":[{"embeddable":true,"href":"https:\/\/www.ofapp.download\/fr\/wp-json\/wp\/v2\/comments?post=56"}],"version-history":[{"count":2,"href":"https:\/\/www.ofapp.download\/fr\/wp-json\/wp\/v2\/pages\/56\/revisions"}],"predecessor-version":[{"id":94,"href":"https:\/\/www.ofapp.download\/fr\/wp-json\/wp\/v2\/pages\/56\/revisions\/94"}],"wp:attachment":[{"href":"https:\/\/www.ofapp.download\/fr\/wp-json\/wp\/v2\/media?parent=56"}],"curies":[{"name":"wp","href":"https:\/\/api.w.org\/{rel}","templated":true}]}}