{"id":46,"date":"2023-09-05T18:57:19","date_gmt":"2023-09-05T18:57:19","guid":{"rendered":"https:\/\/www.onlyfansapp.download\/?page_id=46"},"modified":"2026-02-15T18:42:46","modified_gmt":"2026-02-15T18:42:46","slug":"a-propos-de-nous","status":"publish","type":"page","link":"https:\/\/www.ofapp.download\/fr\/a-propos-de-nous\/","title":{"rendered":"\u00c0 propos de nous"},"content":{"rendered":"<p><a href=\"\/fr\/\">oapp.download<\/a> est un site web qui fournit des liens pour t\u00e9l\u00e9charger l'application OnlyFans pour Android. Nous ne sommes pas affili\u00e9s \u00e0 OnlyFans de quelque mani\u00e8re que ce soit, et nous n'h\u00e9bergeons ni ne stockons aucun des contenus de l'application. Notre objectif est de fournir aux utilisateurs un moyen pratique de t\u00e9l\u00e9charger l'application OnlyFans afin qu'ils puissent acc\u00e9der \u00e0 son contenu.<\/p>\n\n\n\n<p>Nous ne partageons que des liens vers des fichiers APK s\u00fbrs et v\u00e9rifi\u00e9s. Nous analysons tous nos liens avant de les publier pour nous assurer qu'ils ne contiennent pas de logiciels malveillants ou d'autres contenus malveillants. Nous prenons \u00e9galement des mesures pour prot\u00e9ger votre vie priv\u00e9e. <\/p>\n\n\n\n<p>Nous ne collectons aucune information personnelle aupr\u00e8s de nos utilisateurs et nous ne suivons pas votre activit\u00e9 de navigation.<\/p>\n\n\n\n<p>Nous esp\u00e9rons que vous trouverez OnlyFans APK Download comme une ressource utile. Si vous avez des questions ou des commentaires, n'h\u00e9sitez pas \u00e0 nous contacter \u00e0 l'adresse suivante <a href=\"\/fr\/contact us\/\">nous contacter<\/a>.<\/p>","protected":false},"excerpt":{"rendered":"<p>oapp.download est un site web qui fournit des liens pour t\u00e9l\u00e9charger l'application OnlyFans pour Android. Nous ne sommes pas affili\u00e9s \u00e0 OnlyFans de quelque mani\u00e8re que ce soit, et nous n'h\u00e9bergeons ni ne stockons aucun contenu de l'application. Notre objectif est de fournir un moyen pratique pour les utilisateurs de t\u00e9l\u00e9charger l'application OnlyFans afin qu'ils puissent acc\u00e9der ... <a title=\"\u00c0 propos de nous\" class=\"read-more\" href=\"https:\/\/www.ofapp.download\/fr\/a-propos-de-nous\/\" aria-label=\"En savoir plus sur About Us\">Lire la suite<\/a><\/p>","protected":false},"author":1,"featured_media":0,"parent":0,"menu_order":0,"comment_status":"closed","ping_status":"closed","template":"","meta":{"footnotes":""},"class_list":["post-46","page","type-page","status-publish"],"yoast_head":"<!-- This site is optimized with the Yoast SEO plugin v26.9 - https:\/\/yoast.com\/product\/yoast-seo-wordpress\/ -->\n<title>About Us | OnlyFans App<\/title>\n<meta name=\"robots\" content=\"index, follow, max-snippet:-1, max-image-preview:large, max-video-preview:-1\" \/>\n<link rel=\"canonical\" href=\"https:\/\/www.ofapp.download\/fr\/a-propos-de-nous\/\" \/>\n<meta property=\"og:locale\" content=\"fr_FR\" \/>\n<meta property=\"og:type\" content=\"article\" \/>\n<meta property=\"og:title\" content=\"About Us | OnlyFans App\" \/>\n<meta property=\"og:description\" content=\"oapp.download is a website that provides links to download the OnlyFans app for Android. We are not affiliated with OnlyFans in any way, and we do not host or store any of the app&#8217;s content. Our goal is to provide a convenient way for users to download the OnlyFans app so that they can access ... Lire la suite\" \/>\n<meta property=\"og:url\" content=\"https:\/\/www.ofapp.download\/fr\/a-propos-de-nous\/\" \/>\n<meta property=\"og:site_name\" content=\"OnlyFans App\" \/>\n<meta property=\"article:modified_time\" content=\"2026-02-15T18:42:46+00:00\" \/>\n<meta name=\"twitter:card\" content=\"summary_large_image\" \/>\n<meta name=\"twitter:label1\" content=\"Dur\u00e9e de lecture estim\u00e9e\" \/>\n\t<meta name=\"twitter:data1\" content=\"1 minute\" \/>\n<script type=\"application\/ld+json\" class=\"yoast-schema-graph\">{\"@context\":\"https:\/\/schema.org\",\"@graph\":[{\"@type\":\"WebPage\",\"@id\":\"https:\/\/www.ofapp.download\/about-us\/\",\"url\":\"https:\/\/www.ofapp.download\/about-us\/\",\"name\":\"About Us | OnlyFans App\",\"isPartOf\":{\"@id\":\"https:\/\/www.ofapp.download\/#website\"},\"datePublished\":\"2023-09-05T18:57:19+00:00\",\"dateModified\":\"2026-02-15T18:42:46+00:00\",\"breadcrumb\":{\"@id\":\"https:\/\/www.ofapp.download\/about-us\/#breadcrumb\"},\"inLanguage\":\"fr-FR\",\"potentialAction\":[{\"@type\":\"ReadAction\",\"target\":[\"https:\/\/www.ofapp.download\/about-us\/\"]}]},{\"@type\":\"BreadcrumbList\",\"@id\":\"https:\/\/www.ofapp.download\/about-us\/#breadcrumb\",\"itemListElement\":[{\"@type\":\"ListItem\",\"position\":1,\"name\":\"Home\",\"item\":\"https:\/\/www.ofapp.download\/\"},{\"@type\":\"ListItem\",\"position\":2,\"name\":\"About Us\"}]},{\"@type\":\"WebSite\",\"@id\":\"https:\/\/www.ofapp.download\/#website\",\"url\":\"https:\/\/www.ofapp.download\/\",\"name\":\"OnlyFans App\",\"description\":\"Download right now OnlyFans App!\",\"publisher\":{\"@id\":\"https:\/\/www.ofapp.download\/#organization\"},\"alternateName\":\"OnlyFans\",\"potentialAction\":[{\"@type\":\"SearchAction\",\"target\":{\"@type\":\"EntryPoint\",\"urlTemplate\":\"https:\/\/www.ofapp.download\/?s={search_term_string}\"},\"query-input\":{\"@type\":\"PropertyValueSpecification\",\"valueRequired\":true,\"valueName\":\"search_term_string\"}}],\"inLanguage\":\"fr-FR\"},{\"@type\":\"Organization\",\"@id\":\"https:\/\/www.ofapp.download\/#organization\",\"name\":\"OnlyFans App\",\"alternateName\":\"OnlyFans\",\"url\":\"https:\/\/www.ofapp.download\/\",\"logo\":{\"@type\":\"ImageObject\",\"inLanguage\":\"fr-FR\",\"@id\":\"https:\/\/www.ofapp.download\/#\/schema\/logo\/image\/\",\"url\":\"https:\/\/www.onlyfansapp.download\/wp-content\/uploads\/OnlyFans-App-Icon.png\",\"contentUrl\":\"https:\/\/www.onlyfansapp.download\/wp-content\/uploads\/OnlyFans-App-Icon.png\",\"width\":512,\"height\":512,\"caption\":\"OnlyFans App\"},\"image\":{\"@id\":\"https:\/\/www.ofapp.download\/#\/schema\/logo\/image\/\"}}]}<\/script>\n<!-- \/ Yoast SEO plugin. -->","yoast_head_json":{"title":"A propos de nous | OnlyFans App","robots":{"index":"index","follow":"follow","max-snippet":"max-snippet:-1","max-image-preview":"max-image-preview:large","max-video-preview":"max-video-preview:-1"},"canonical":"https:\/\/www.ofapp.download\/fr\/a-propos-de-nous\/","og_locale":"fr_FR","og_type":"article","og_title":"About Us | OnlyFans App","og_description":"oapp.download is a website that provides links to download the OnlyFans app for Android. We are not affiliated with OnlyFans in any way, and we do not host or store any of the app&#8217;s content. Our goal is to provide a convenient way for users to download the OnlyFans app so that they can access ... Lire la suite","og_url":"https:\/\/www.ofapp.download\/fr\/a-propos-de-nous\/","og_site_name":"OnlyFans App","article_modified_time":"2026-02-15T18:42:46+00:00","twitter_card":"summary_large_image","twitter_misc":{"Dur\u00e9e de lecture estim\u00e9e":"1 minute"},"schema":{"@context":"https:\/\/schema.org","@graph":[{"@type":"WebPage","@id":"https:\/\/www.ofapp.download\/about-us\/","url":"https:\/\/www.ofapp.download\/about-us\/","name":"A propos de nous | OnlyFans App","isPartOf":{"@id":"https:\/\/www.ofapp.download\/#website"},"datePublished":"2023-09-05T18:57:19+00:00","dateModified":"2026-02-15T18:42:46+00:00","breadcrumb":{"@id":"https:\/\/www.ofapp.download\/about-us\/#breadcrumb"},"inLanguage":"fr-FR","potentialAction":[{"@type":"ReadAction","target":["https:\/\/www.ofapp.download\/about-us\/"]}]},{"@type":"BreadcrumbList","@id":"https:\/\/www.ofapp.download\/about-us\/#breadcrumb","itemListElement":[{"@type":"ListItem","position":1,"name":"Home","item":"https:\/\/www.ofapp.download\/"},{"@type":"ListItem","position":2,"name":"About Us"}]},{"@type":"WebSite","@id":"https:\/\/www.ofapp.download\/#website","url":"https:\/\/www.ofapp.download\/","name":"Application OnlyFans","description":"T\u00e9l\u00e9chargez d\u00e8s maintenant l'application OnlyFans !","publisher":{"@id":"https:\/\/www.ofapp.download\/#organization"},"alternateName":"OnlyFans","potentialAction":[{"@type":"SearchAction","target":{"@type":"EntryPoint","urlTemplate":"https:\/\/www.ofapp.download\/?s={search_term_string}"},"query-input":{"@type":"PropertyValueSpecification","valueRequired":true,"valueName":"search_term_string"}}],"inLanguage":"fr-FR"},{"@type":"Organization","@id":"https:\/\/www.ofapp.download\/#organization","name":"Application OnlyFans","alternateName":"OnlyFans","url":"https:\/\/www.ofapp.download\/","logo":{"@type":"ImageObject","inLanguage":"fr-FR","@id":"https:\/\/www.ofapp.download\/#\/schema\/logo\/image\/","url":"https:\/\/www.onlyfansapp.download\/wp-content\/uploads\/OnlyFans-App-Icon.png","contentUrl":"https:\/\/www.onlyfansapp.download\/wp-content\/uploads\/OnlyFans-App-Icon.png","width":512,"height":512,"caption":"OnlyFans App"},"image":{"@id":"https:\/\/www.ofapp.download\/#\/schema\/logo\/image\/"}}]}},"_links":{"self":[{"href":"https:\/\/www.ofapp.download\/fr\/wp-json\/wp\/v2\/pages\/46","targetHints":{"allow":["GET"]}}],"collection":[{"href":"https:\/\/www.ofapp.download\/fr\/wp-json\/wp\/v2\/pages"}],"about":[{"href":"https:\/\/www.ofapp.download\/fr\/wp-json\/wp\/v2\/types\/page"}],"author":[{"embeddable":true,"href":"https:\/\/www.ofapp.download\/fr\/wp-json\/wp\/v2\/users\/1"}],"replies":[{"embeddable":true,"href":"https:\/\/www.ofapp.download\/fr\/wp-json\/wp\/v2\/comments?post=46"}],"version-history":[{"count":2,"href":"https:\/\/www.ofapp.download\/fr\/wp-json\/wp\/v2\/pages\/46\/revisions"}],"predecessor-version":[{"id":124,"href":"https:\/\/www.ofapp.download\/fr\/wp-json\/wp\/v2\/pages\/46\/revisions\/124"}],"wp:attachment":[{"href":"https:\/\/www.ofapp.download\/fr\/wp-json\/wp\/v2\/media?parent=46"}],"curies":[{"name":"wp","href":"https:\/\/api.w.org\/{rel}","templated":true}]}}