{"id":46,"date":"2023-09-05T18:57:19","date_gmt":"2023-09-05T18:57:19","guid":{"rendered":"https:\/\/www.onlyfansapp.download\/?page_id=46"},"modified":"2026-02-15T18:42:46","modified_gmt":"2026-02-15T18:42:46","slug":"acerca-de-nosotros","status":"publish","type":"page","link":"https:\/\/www.ofapp.download\/es\/acerca-de-nosotros\/","title":{"rendered":"Qui\u00e9nes somos"},"content":{"rendered":"<p><a href=\"\/es\/\">oapp.descargar<\/a> es un sitio web que proporciona enlaces para descargar la aplicaci\u00f3n OnlyFans para Android. No estamos afiliados con OnlyFans de ninguna manera, y no alojamos ni almacenamos ning\u00fan contenido de la aplicaci\u00f3n. Nuestro objetivo es facilitar a los usuarios la descarga de la aplicaci\u00f3n OnlyFans para que puedan acceder a su contenido.<\/p>\n\n\n\n<p>S\u00f3lo compartimos enlaces a archivos APK seguros y verificados. Escaneamos todos nuestros enlaces antes de publicarlos para asegurarnos de que est\u00e1n libres de malware y otros contenidos maliciosos. Tambi\u00e9n tomamos medidas para proteger tu privacidad. <\/p>\n\n\n\n<p>No recopilamos ninguna informaci\u00f3n personal de nuestros usuarios y no rastreamos su actividad de navegaci\u00f3n.<\/p>\n\n\n\n<p>Esperamos que OnlyFans APK Download te resulte \u00fatil. Si usted tiene alguna pregunta o comentario, por favor no dude en <a href=\"\/es\/contact us\/\">Contacto<\/a>.<\/p>","protected":false},"excerpt":{"rendered":"<p>oapp.download es un sitio web que proporciona enlaces para descargar la aplicaci\u00f3n OnlyFans para Android. No estamos afiliados con OnlyFans de ninguna manera, y no alojamos ni almacenamos ning\u00fan contenido de la aplicaci\u00f3n. Nuestro objetivo es proporcionar una manera conveniente para que los usuarios descarguen la aplicaci\u00f3n OnlyFans para que puedan acceder ... <a title=\"Qui\u00e9nes somos\" class=\"read-more\" href=\"https:\/\/www.ofapp.download\/es\/acerca-de-nosotros\/\" aria-label=\"M\u00e1s en Qui\u00e9nes somos\">Leer m\u00e1s<\/a><\/p>","protected":false},"author":1,"featured_media":0,"parent":0,"menu_order":0,"comment_status":"closed","ping_status":"closed","template":"","meta":{"footnotes":""},"class_list":["post-46","page","type-page","status-publish"],"yoast_head":"<!-- This site is optimized with the Yoast SEO plugin v26.9 - https:\/\/yoast.com\/product\/yoast-seo-wordpress\/ -->\n<title>About Us | OnlyFans App<\/title>\n<meta name=\"robots\" content=\"index, follow, max-snippet:-1, max-image-preview:large, max-video-preview:-1\" \/>\n<link rel=\"canonical\" href=\"https:\/\/www.ofapp.download\/es\/acerca-de-nosotros\/\" \/>\n<meta property=\"og:locale\" content=\"es_ES\" \/>\n<meta property=\"og:type\" content=\"article\" \/>\n<meta property=\"og:title\" content=\"About Us | OnlyFans App\" \/>\n<meta property=\"og:description\" content=\"oapp.download is a website that provides links to download the OnlyFans app for Android. We are not affiliated with OnlyFans in any way, and we do not host or store any of the app&#8217;s content. Our goal is to provide a convenient way for users to download the OnlyFans app so that they can access ... Leer m\u00e1s\" \/>\n<meta property=\"og:url\" content=\"https:\/\/www.ofapp.download\/es\/acerca-de-nosotros\/\" \/>\n<meta property=\"og:site_name\" content=\"OnlyFans App\" \/>\n<meta property=\"article:modified_time\" content=\"2026-02-15T18:42:46+00:00\" \/>\n<meta name=\"twitter:card\" content=\"summary_large_image\" \/>\n<meta name=\"twitter:label1\" content=\"Tiempo de lectura\" \/>\n\t<meta name=\"twitter:data1\" content=\"1 minuto\" \/>\n<script type=\"application\/ld+json\" class=\"yoast-schema-graph\">{\"@context\":\"https:\/\/schema.org\",\"@graph\":[{\"@type\":\"WebPage\",\"@id\":\"https:\/\/www.ofapp.download\/about-us\/\",\"url\":\"https:\/\/www.ofapp.download\/about-us\/\",\"name\":\"About Us | OnlyFans App\",\"isPartOf\":{\"@id\":\"https:\/\/www.ofapp.download\/#website\"},\"datePublished\":\"2023-09-05T18:57:19+00:00\",\"dateModified\":\"2026-02-15T18:42:46+00:00\",\"breadcrumb\":{\"@id\":\"https:\/\/www.ofapp.download\/about-us\/#breadcrumb\"},\"inLanguage\":\"es\",\"potentialAction\":[{\"@type\":\"ReadAction\",\"target\":[\"https:\/\/www.ofapp.download\/about-us\/\"]}]},{\"@type\":\"BreadcrumbList\",\"@id\":\"https:\/\/www.ofapp.download\/about-us\/#breadcrumb\",\"itemListElement\":[{\"@type\":\"ListItem\",\"position\":1,\"name\":\"Home\",\"item\":\"https:\/\/www.ofapp.download\/\"},{\"@type\":\"ListItem\",\"position\":2,\"name\":\"About Us\"}]},{\"@type\":\"WebSite\",\"@id\":\"https:\/\/www.ofapp.download\/#website\",\"url\":\"https:\/\/www.ofapp.download\/\",\"name\":\"OnlyFans App\",\"description\":\"Download right now OnlyFans App!\",\"publisher\":{\"@id\":\"https:\/\/www.ofapp.download\/#organization\"},\"alternateName\":\"OnlyFans\",\"potentialAction\":[{\"@type\":\"SearchAction\",\"target\":{\"@type\":\"EntryPoint\",\"urlTemplate\":\"https:\/\/www.ofapp.download\/?s={search_term_string}\"},\"query-input\":{\"@type\":\"PropertyValueSpecification\",\"valueRequired\":true,\"valueName\":\"search_term_string\"}}],\"inLanguage\":\"es\"},{\"@type\":\"Organization\",\"@id\":\"https:\/\/www.ofapp.download\/#organization\",\"name\":\"OnlyFans App\",\"alternateName\":\"OnlyFans\",\"url\":\"https:\/\/www.ofapp.download\/\",\"logo\":{\"@type\":\"ImageObject\",\"inLanguage\":\"es\",\"@id\":\"https:\/\/www.ofapp.download\/#\/schema\/logo\/image\/\",\"url\":\"https:\/\/www.onlyfansapp.download\/wp-content\/uploads\/OnlyFans-App-Icon.png\",\"contentUrl\":\"https:\/\/www.onlyfansapp.download\/wp-content\/uploads\/OnlyFans-App-Icon.png\",\"width\":512,\"height\":512,\"caption\":\"OnlyFans App\"},\"image\":{\"@id\":\"https:\/\/www.ofapp.download\/#\/schema\/logo\/image\/\"}}]}<\/script>\n<!-- \/ Yoast SEO plugin. -->","yoast_head_json":{"title":"Sobre nosotros | OnlyFans App","robots":{"index":"index","follow":"follow","max-snippet":"max-snippet:-1","max-image-preview":"max-image-preview:large","max-video-preview":"max-video-preview:-1"},"canonical":"https:\/\/www.ofapp.download\/es\/acerca-de-nosotros\/","og_locale":"es_ES","og_type":"article","og_title":"About Us | OnlyFans App","og_description":"oapp.download is a website that provides links to download the OnlyFans app for Android. We are not affiliated with OnlyFans in any way, and we do not host or store any of the app&#8217;s content. Our goal is to provide a convenient way for users to download the OnlyFans app so that they can access ... Leer m\u00e1s","og_url":"https:\/\/www.ofapp.download\/es\/acerca-de-nosotros\/","og_site_name":"OnlyFans App","article_modified_time":"2026-02-15T18:42:46+00:00","twitter_card":"summary_large_image","twitter_misc":{"Tiempo de lectura":"1 minuto"},"schema":{"@context":"https:\/\/schema.org","@graph":[{"@type":"WebPage","@id":"https:\/\/www.ofapp.download\/about-us\/","url":"https:\/\/www.ofapp.download\/about-us\/","name":"Sobre nosotros | OnlyFans App","isPartOf":{"@id":"https:\/\/www.ofapp.download\/#website"},"datePublished":"2023-09-05T18:57:19+00:00","dateModified":"2026-02-15T18:42:46+00:00","breadcrumb":{"@id":"https:\/\/www.ofapp.download\/about-us\/#breadcrumb"},"inLanguage":"es","potentialAction":[{"@type":"ReadAction","target":["https:\/\/www.ofapp.download\/about-us\/"]}]},{"@type":"BreadcrumbList","@id":"https:\/\/www.ofapp.download\/about-us\/#breadcrumb","itemListElement":[{"@type":"ListItem","position":1,"name":"Home","item":"https:\/\/www.ofapp.download\/"},{"@type":"ListItem","position":2,"name":"About Us"}]},{"@type":"WebSite","@id":"https:\/\/www.ofapp.download\/#website","url":"https:\/\/www.ofapp.download\/","name":"Aplicaci\u00f3n OnlyFans","description":"\u00a1Descarga ahora mismo OnlyFans App!","publisher":{"@id":"https:\/\/www.ofapp.download\/#organization"},"alternateName":"OnlyFans","potentialAction":[{"@type":"SearchAction","target":{"@type":"EntryPoint","urlTemplate":"https:\/\/www.ofapp.download\/?s={search_term_string}"},"query-input":{"@type":"PropertyValueSpecification","valueRequired":true,"valueName":"search_term_string"}}],"inLanguage":"es"},{"@type":"Organization","@id":"https:\/\/www.ofapp.download\/#organization","name":"Aplicaci\u00f3n OnlyFans","alternateName":"OnlyFans","url":"https:\/\/www.ofapp.download\/","logo":{"@type":"ImageObject","inLanguage":"es","@id":"https:\/\/www.ofapp.download\/#\/schema\/logo\/image\/","url":"https:\/\/www.onlyfansapp.download\/wp-content\/uploads\/OnlyFans-App-Icon.png","contentUrl":"https:\/\/www.onlyfansapp.download\/wp-content\/uploads\/OnlyFans-App-Icon.png","width":512,"height":512,"caption":"OnlyFans App"},"image":{"@id":"https:\/\/www.ofapp.download\/#\/schema\/logo\/image\/"}}]}},"_links":{"self":[{"href":"https:\/\/www.ofapp.download\/es\/wp-json\/wp\/v2\/pages\/46","targetHints":{"allow":["GET"]}}],"collection":[{"href":"https:\/\/www.ofapp.download\/es\/wp-json\/wp\/v2\/pages"}],"about":[{"href":"https:\/\/www.ofapp.download\/es\/wp-json\/wp\/v2\/types\/page"}],"author":[{"embeddable":true,"href":"https:\/\/www.ofapp.download\/es\/wp-json\/wp\/v2\/users\/1"}],"replies":[{"embeddable":true,"href":"https:\/\/www.ofapp.download\/es\/wp-json\/wp\/v2\/comments?post=46"}],"version-history":[{"count":2,"href":"https:\/\/www.ofapp.download\/es\/wp-json\/wp\/v2\/pages\/46\/revisions"}],"predecessor-version":[{"id":124,"href":"https:\/\/www.ofapp.download\/es\/wp-json\/wp\/v2\/pages\/46\/revisions\/124"}],"wp:attachment":[{"href":"https:\/\/www.ofapp.download\/es\/wp-json\/wp\/v2\/media?parent=46"}],"curies":[{"name":"wp","href":"https:\/\/api.w.org\/{rel}","templated":true}]}}