{"id":62,"date":"2023-09-05T19:19:30","date_gmt":"2023-09-05T19:19:30","guid":{"rendered":"https:\/\/www.onlyfansapp.download\/?page_id=62"},"modified":"2026-02-15T19:14:23","modified_gmt":"2026-02-15T19:14:23","slug":"wie-installiere-ich-die-onlyfans-app-auf-meinem-android-gerat","status":"publish","type":"page","link":"https:\/\/www.ofapp.download\/de\/wie-installiere-ich-die-onlyfans-app-auf-meinem-android-gerat\/","title":{"rendered":"Wie man die OnlyFans App auf Android installiert"},"content":{"rendered":"<p><a href=\"\/de\/\">OnlyFans<\/a> erfreut sich gro\u00dfer Beliebtheit als Plattform f\u00fcr Content-Ersteller, um mit ihren Fans in Kontakt zu treten. Sie bietet exklusive Inhalte und eine einzigartige M\u00f6glichkeit, ihre Arbeit zu monetarisieren. Um diese Plattform auf Ihrem Android-Ger\u00e4t zu nutzen, m\u00fcssen Sie die OnlyFans-App herunterladen und installieren. In dieser Schritt-f\u00fcr-Schritt-Anleitung f\u00fchren wir Sie durch den Prozess des Herunterladens und Installierens der OnlyFans-App auf Ihrem Android-Ger\u00e4t.<\/p>\n\n\n\n<p><strong>Schritt 1: Aktivieren Sie die Installation von Apps aus unbekannten Quellen<\/strong><\/p>\n\n\n\n<p>Bevor Sie die OnlyFans-App herunterladen k\u00f6nnen, m\u00fcssen Sie die Installation von Apps aus unbekannten Quellen auf Ihrem Android-Ger\u00e4t zulassen. Hier ist, wie Sie es tun:<\/p>\n\n\n\n<ol class=\"wp-block-list\">\n<li>Gehen Sie zu den \"Einstellungen\" Ihres Ger\u00e4ts.<\/li>\n\n\n\n<li>Scrollen Sie nach unten und tippen Sie auf \"Sicherheit\" oder \"Datenschutz\", je nach Ihrer Android-Version.<\/li>\n\n\n\n<li>Suchen Sie nach der Option \"Apps aus unbekannten Quellen installieren\" und aktivieren Sie sie.<\/li>\n<\/ol>\n\n\n\n<p><strong>Schritt 2: Besuchen Sie unsere Website<\/strong><\/p>\n\n\n\n<p>Um sicherzustellen, dass du die offizielle OnlyFans-App herunterl\u00e4dst, solltest du die offizielle Website besuchen:<\/p>\n\n\n\n<ol class=\"wp-block-list\">\n<li>\u00d6ffnen Sie Ihren bevorzugten Webbrowser auf Ihrem Android-Ger\u00e4t.<\/li>\n\n\n\n<li>Typ \"<a href=\"\/de\/\">ofapp.download<\/a>\" in die Adressleiste ein und dr\u00fccken Sie \"Enter\".<\/li>\n<\/ol>\n\n\n\n<p><strong>Schritt 3: Starten Sie den Download<\/strong><\/p>\n\n\n\n<p>Sobald du auf der Download-Seite f\u00fcr die OnlyFans-App bist, befolge diese Anweisungen:<\/p>\n\n\n\n<ol class=\"wp-block-list\">\n<li>Klicken Sie auf die Schaltfl\u00e4che \"OnlyFans herunterladen\". Dadurch wird der Download-Vorgang eingeleitet.<\/li>\n\n\n\n<li>M\u00f6glicherweise wird am unteren Rand des Bildschirms eine Benachrichtigung angezeigt, dass der Download begonnen hat.<\/li>\n<\/ol>\n\n\n\n<p><strong>Schritt 4: Installieren Sie die OnlyFans App<\/strong><\/p>\n\n\n\n<p>Nachdem der Download abgeschlossen ist, m\u00fcssen Sie die App installieren:<\/p>\n\n\n\n<ol class=\"wp-block-list\">\n<li>\u00d6ffnen Sie die Benachrichtigungszentrale Ihres Ger\u00e4ts, indem Sie vom oberen Rand des Bildschirms nach unten streichen.<\/li>\n\n\n\n<li>Suchen Sie die heruntergeladene OnlyFans APK-Datei und tippen Sie sie an.<\/li>\n\n\n\n<li>M\u00f6glicherweise wird eine Sicherheitswarnung angezeigt. Best\u00e4tigen Sie, dass Sie die App installieren m\u00f6chten, indem Sie \"Installieren\" w\u00e4hlen.<\/li>\n\n\n\n<li>Warten Sie, bis der Installationsvorgang abgeschlossen ist.<\/li>\n<\/ol>\n\n\n\n<p><strong>Schritt 5: \u00d6ffnen Sie die OnlyFans App<\/strong><\/p>\n\n\n\n<p>Sobald die App installiert ist, k\u00f6nnen Sie sie \u00f6ffnen:<\/p>\n\n\n\n<ol class=\"wp-block-list\">\n<li>Suchen Sie das OnlyFans-App-Symbol auf Ihrem Startbildschirm oder in Ihrer App-Schublade.<\/li>\n\n\n\n<li>Tippen Sie auf das Symbol, um die App zu starten.<\/li>\n<\/ol>\n\n\n<div class=\"wp-block-image\">\n<figure class=\"aligncenter size-large\"><img decoding=\"async\" src=\"https:\/\/ofapp.download\/wp-content\/uploads\/OnlyFans-App-on-Android-phone.png\" alt=\"OnlyFans App auf Android-Handy\"\/><\/figure>\n<\/div>\n\n\n<p><strong>Schritt 6: Anmelden oder Registrieren<\/strong><\/p>\n\n\n\n<p>Wenn Sie bereits ein OnlyFans-Konto haben, k\u00f6nnen Sie sich mit Ihren Anmeldedaten anmelden. Wenn Sie neu auf der Plattform sind, m\u00fcssen Sie sich f\u00fcr ein Konto anmelden.<\/p>","protected":false},"excerpt":{"rendered":"<p>OnlyFans erfreut sich gro\u00dfer Beliebtheit als Plattform f\u00fcr Content-Ersteller, um mit ihren Fans in Kontakt zu treten, und bietet exklusive Inhalte und eine einzigartige M\u00f6glichkeit zur Monetarisierung ihrer Arbeit. Um diese Plattform auf Ihrem Android-Ger\u00e4t nutzen zu k\u00f6nnen, m\u00fcssen Sie die OnlyFans-App herunterladen und installieren. In dieser Schritt-f\u00fcr-Schritt-Anleitung f\u00fchren wir Sie durch den Prozess der ... <a title=\"Wie man die OnlyFans App auf Android installiert\" class=\"read-more\" href=\"https:\/\/www.ofapp.download\/de\/wie-installiere-ich-die-onlyfans-app-auf-meinem-android-gerat\/\" aria-label=\"Mehr dazu unter How to Install OnlyFans App on Android\">Weiterlesen<\/a><\/p>","protected":false},"author":1,"featured_media":0,"parent":0,"menu_order":0,"comment_status":"closed","ping_status":"closed","template":"","meta":{"footnotes":""},"class_list":["post-62","page","type-page","status-publish"],"yoast_head":"<!-- This site is optimized with the Yoast SEO plugin v26.9 - https:\/\/yoast.com\/product\/yoast-seo-wordpress\/ -->\n<title>How to Install OnlyFans App on Android<\/title>\n<meta name=\"robots\" content=\"index, follow, max-snippet:-1, max-image-preview:large, max-video-preview:-1\" \/>\n<link rel=\"canonical\" href=\"https:\/\/www.ofapp.download\/de\/wie-installiere-ich-die-onlyfans-app-auf-meinem-android-gerat\/\" \/>\n<meta property=\"og:locale\" content=\"de_DE\" \/>\n<meta property=\"og:type\" content=\"article\" \/>\n<meta property=\"og:title\" content=\"How to Install OnlyFans App on Android\" \/>\n<meta property=\"og:description\" content=\"OnlyFans has gained immense popularity as a platform for content creators to connect with their fans, offering exclusive content and a unique way to monetize their work. To enjoy this platform on your Android device, you&#8217;ll need to download and install the OnlyFans app. In this step-by-step guide, we&#8217;ll walk you through the process of ... Weiterlesen\" \/>\n<meta property=\"og:url\" content=\"https:\/\/www.ofapp.download\/de\/wie-installiere-ich-die-onlyfans-app-auf-meinem-android-gerat\/\" \/>\n<meta property=\"og:site_name\" content=\"OnlyFans App\" \/>\n<meta property=\"article:modified_time\" content=\"2026-02-15T19:14:23+00:00\" \/>\n<meta property=\"og:image\" content=\"https:\/\/ofapp.download\/wp-content\/uploads\/OnlyFans-App-on-Android-phone.png\" \/>\n<meta name=\"twitter:card\" content=\"summary_large_image\" \/>\n<meta name=\"twitter:label1\" content=\"Gesch\u00e4tzte Lesezeit\" \/>\n\t<meta name=\"twitter:data1\" content=\"2\u00a0Minuten\" \/>\n<script type=\"application\/ld+json\" class=\"yoast-schema-graph\">{\"@context\":\"https:\/\/schema.org\",\"@graph\":[{\"@type\":\"WebPage\",\"@id\":\"https:\/\/www.ofapp.download\/how-to-install-onlyfans-app-on-android\/\",\"url\":\"https:\/\/www.ofapp.download\/how-to-install-onlyfans-app-on-android\/\",\"name\":\"How to Install OnlyFans App on Android\",\"isPartOf\":{\"@id\":\"https:\/\/www.ofapp.download\/#website\"},\"primaryImageOfPage\":{\"@id\":\"https:\/\/www.ofapp.download\/how-to-install-onlyfans-app-on-android\/#primaryimage\"},\"image\":{\"@id\":\"https:\/\/www.ofapp.download\/how-to-install-onlyfans-app-on-android\/#primaryimage\"},\"thumbnailUrl\":\"https:\/\/ofapp.download\/wp-content\/uploads\/OnlyFans-App-on-Android-phone.png\",\"datePublished\":\"2023-09-05T19:19:30+00:00\",\"dateModified\":\"2026-02-15T19:14:23+00:00\",\"breadcrumb\":{\"@id\":\"https:\/\/www.ofapp.download\/how-to-install-onlyfans-app-on-android\/#breadcrumb\"},\"inLanguage\":\"de\",\"potentialAction\":[{\"@type\":\"ReadAction\",\"target\":[\"https:\/\/www.ofapp.download\/how-to-install-onlyfans-app-on-android\/\"]}]},{\"@type\":\"ImageObject\",\"inLanguage\":\"de\",\"@id\":\"https:\/\/www.ofapp.download\/how-to-install-onlyfans-app-on-android\/#primaryimage\",\"url\":\"https:\/\/ofapp.download\/wp-content\/uploads\/OnlyFans-App-on-Android-phone.png\",\"contentUrl\":\"https:\/\/ofapp.download\/wp-content\/uploads\/OnlyFans-App-on-Android-phone.png\"},{\"@type\":\"BreadcrumbList\",\"@id\":\"https:\/\/www.ofapp.download\/how-to-install-onlyfans-app-on-android\/#breadcrumb\",\"itemListElement\":[{\"@type\":\"ListItem\",\"position\":1,\"name\":\"Home\",\"item\":\"https:\/\/www.ofapp.download\/\"},{\"@type\":\"ListItem\",\"position\":2,\"name\":\"How to Install OnlyFans App on Android\"}]},{\"@type\":\"WebSite\",\"@id\":\"https:\/\/www.ofapp.download\/#website\",\"url\":\"https:\/\/www.ofapp.download\/\",\"name\":\"OnlyFans App\",\"description\":\"Download right now OnlyFans App!\",\"publisher\":{\"@id\":\"https:\/\/www.ofapp.download\/#organization\"},\"alternateName\":\"OnlyFans\",\"potentialAction\":[{\"@type\":\"SearchAction\",\"target\":{\"@type\":\"EntryPoint\",\"urlTemplate\":\"https:\/\/www.ofapp.download\/?s={search_term_string}\"},\"query-input\":{\"@type\":\"PropertyValueSpecification\",\"valueRequired\":true,\"valueName\":\"search_term_string\"}}],\"inLanguage\":\"de\"},{\"@type\":\"Organization\",\"@id\":\"https:\/\/www.ofapp.download\/#organization\",\"name\":\"OnlyFans App\",\"alternateName\":\"OnlyFans\",\"url\":\"https:\/\/www.ofapp.download\/\",\"logo\":{\"@type\":\"ImageObject\",\"inLanguage\":\"de\",\"@id\":\"https:\/\/www.ofapp.download\/#\/schema\/logo\/image\/\",\"url\":\"https:\/\/www.onlyfansapp.download\/wp-content\/uploads\/OnlyFans-App-Icon.png\",\"contentUrl\":\"https:\/\/www.onlyfansapp.download\/wp-content\/uploads\/OnlyFans-App-Icon.png\",\"width\":512,\"height\":512,\"caption\":\"OnlyFans App\"},\"image\":{\"@id\":\"https:\/\/www.ofapp.download\/#\/schema\/logo\/image\/\"}}]}<\/script>\n<!-- \/ Yoast SEO plugin. -->","yoast_head_json":{"title":"Wie man die OnlyFans App auf Android installiert","robots":{"index":"index","follow":"follow","max-snippet":"max-snippet:-1","max-image-preview":"max-image-preview:large","max-video-preview":"max-video-preview:-1"},"canonical":"https:\/\/www.ofapp.download\/de\/wie-installiere-ich-die-onlyfans-app-auf-meinem-android-gerat\/","og_locale":"de_DE","og_type":"article","og_title":"How to Install OnlyFans App on Android","og_description":"OnlyFans has gained immense popularity as a platform for content creators to connect with their fans, offering exclusive content and a unique way to monetize their work. To enjoy this platform on your Android device, you&#8217;ll need to download and install the OnlyFans app. In this step-by-step guide, we&#8217;ll walk you through the process of ... Weiterlesen","og_url":"https:\/\/www.ofapp.download\/de\/wie-installiere-ich-die-onlyfans-app-auf-meinem-android-gerat\/","og_site_name":"OnlyFans App","article_modified_time":"2026-02-15T19:14:23+00:00","og_image":[{"url":"https:\/\/ofapp.download\/wp-content\/uploads\/OnlyFans-App-on-Android-phone.png","type":"","width":"","height":""}],"twitter_card":"summary_large_image","twitter_misc":{"Gesch\u00e4tzte Lesezeit":"2\u00a0Minuten"},"schema":{"@context":"https:\/\/schema.org","@graph":[{"@type":"WebPage","@id":"https:\/\/www.ofapp.download\/how-to-install-onlyfans-app-on-android\/","url":"https:\/\/www.ofapp.download\/how-to-install-onlyfans-app-on-android\/","name":"Wie man die OnlyFans App auf Android installiert","isPartOf":{"@id":"https:\/\/www.ofapp.download\/#website"},"primaryImageOfPage":{"@id":"https:\/\/www.ofapp.download\/how-to-install-onlyfans-app-on-android\/#primaryimage"},"image":{"@id":"https:\/\/www.ofapp.download\/how-to-install-onlyfans-app-on-android\/#primaryimage"},"thumbnailUrl":"https:\/\/ofapp.download\/wp-content\/uploads\/OnlyFans-App-on-Android-phone.png","datePublished":"2023-09-05T19:19:30+00:00","dateModified":"2026-02-15T19:14:23+00:00","breadcrumb":{"@id":"https:\/\/www.ofapp.download\/how-to-install-onlyfans-app-on-android\/#breadcrumb"},"inLanguage":"de","potentialAction":[{"@type":"ReadAction","target":["https:\/\/www.ofapp.download\/how-to-install-onlyfans-app-on-android\/"]}]},{"@type":"ImageObject","inLanguage":"de","@id":"https:\/\/www.ofapp.download\/how-to-install-onlyfans-app-on-android\/#primaryimage","url":"https:\/\/ofapp.download\/wp-content\/uploads\/OnlyFans-App-on-Android-phone.png","contentUrl":"https:\/\/ofapp.download\/wp-content\/uploads\/OnlyFans-App-on-Android-phone.png"},{"@type":"BreadcrumbList","@id":"https:\/\/www.ofapp.download\/how-to-install-onlyfans-app-on-android\/#breadcrumb","itemListElement":[{"@type":"ListItem","position":1,"name":"Home","item":"https:\/\/www.ofapp.download\/"},{"@type":"ListItem","position":2,"name":"How to Install OnlyFans App on Android"}]},{"@type":"WebSite","@id":"https:\/\/www.ofapp.download\/#website","url":"https:\/\/www.ofapp.download\/","name":"OnlyFans App","description":"Laden Sie jetzt die OnlyFans App herunter!","publisher":{"@id":"https:\/\/www.ofapp.download\/#organization"},"alternateName":"OnlyFans","potentialAction":[{"@type":"SearchAction","target":{"@type":"EntryPoint","urlTemplate":"https:\/\/www.ofapp.download\/?s={search_term_string}"},"query-input":{"@type":"PropertyValueSpecification","valueRequired":true,"valueName":"search_term_string"}}],"inLanguage":"de"},{"@type":"Organization","@id":"https:\/\/www.ofapp.download\/#organization","name":"OnlyFans App","alternateName":"OnlyFans","url":"https:\/\/www.ofapp.download\/","logo":{"@type":"ImageObject","inLanguage":"de","@id":"https:\/\/www.ofapp.download\/#\/schema\/logo\/image\/","url":"https:\/\/www.onlyfansapp.download\/wp-content\/uploads\/OnlyFans-App-Icon.png","contentUrl":"https:\/\/www.onlyfansapp.download\/wp-content\/uploads\/OnlyFans-App-Icon.png","width":512,"height":512,"caption":"OnlyFans App"},"image":{"@id":"https:\/\/www.ofapp.download\/#\/schema\/logo\/image\/"}}]}},"_links":{"self":[{"href":"https:\/\/www.ofapp.download\/de\/wp-json\/wp\/v2\/pages\/62","targetHints":{"allow":["GET"]}}],"collection":[{"href":"https:\/\/www.ofapp.download\/de\/wp-json\/wp\/v2\/pages"}],"about":[{"href":"https:\/\/www.ofapp.download\/de\/wp-json\/wp\/v2\/types\/page"}],"author":[{"embeddable":true,"href":"https:\/\/www.ofapp.download\/de\/wp-json\/wp\/v2\/users\/1"}],"replies":[{"embeddable":true,"href":"https:\/\/www.ofapp.download\/de\/wp-json\/wp\/v2\/comments?post=62"}],"version-history":[{"count":5,"href":"https:\/\/www.ofapp.download\/de\/wp-json\/wp\/v2\/pages\/62\/revisions"}],"predecessor-version":[{"id":225,"href":"https:\/\/www.ofapp.download\/de\/wp-json\/wp\/v2\/pages\/62\/revisions\/225"}],"wp:attachment":[{"href":"https:\/\/www.ofapp.download\/de\/wp-json\/wp\/v2\/media?parent=62"}],"curies":[{"name":"wp","href":"https:\/\/api.w.org\/{rel}","templated":true}]}}