{"id":56,"date":"2023-09-05T19:04:23","date_gmt":"2023-09-05T19:04:23","guid":{"rendered":"https:\/\/www.onlyfansapp.download\/?page_id=56"},"modified":"2026-02-15T19:26:56","modified_gmt":"2026-02-15T19:26:56","slug":"haftungsausschluss","status":"publish","type":"page","link":"https:\/\/www.ofapp.download\/de\/haftungsausschluss\/","title":{"rendered":"Haftungsausschluss"},"content":{"rendered":"<p>Diese Website ist nicht verbunden mit <a href=\"\/de\/\">OnlyFans<\/a> in irgendeiner Weise. Wir sind nicht verantwortlich f\u00fcr den Inhalt von OnlyFans oder die Handlungen seiner Nutzer. Die OnlyFans APK-Download-Links, die auf dieser Website bereitgestellt werden, dienen nur zu Informationszwecken. Wir hosten oder vertreiben die APK-Dateien nicht selbst. Wir empfehlen, dass Sie immer die OnlyFans offizielle Website statt app.<\/p>\n\n\n\n<p>Durch die Nutzung dieser Website erkl\u00e4ren Sie sich mit den folgenden Bedingungen einverstanden:<\/p>\n\n\n\n<ul class=\"wp-block-list\">\n<li>Sie sind f\u00fcr Ihre Handlungen und deren Folgen selbst verantwortlich.<\/li>\n\n\n\n<li>Sie verpflichten sich, diese Website nicht f\u00fcr illegale oder unerlaubte Zwecke zu nutzen.<\/li>\n\n\n\n<li>Sie erkl\u00e4ren sich damit einverstanden, die OnlyFans-APK-Dateien nicht weiterzugeben oder mit anderen zu teilen.<\/li>\n\n\n\n<li>Sie erkl\u00e4ren sich damit einverstanden, uns von allen Anspr\u00fcchen oder Sch\u00e4den freizustellen, die sich aus Ihrer Nutzung dieser Website ergeben.<\/li>\n<\/ul>\n\n\n\n<p>Wir behalten uns das Recht vor, diesen Haftungsausschluss jederzeit zu \u00e4ndern oder zu erg\u00e4nzen. Indem Sie diese Website nach einer \u00c4nderung weiterhin nutzen, erkl\u00e4ren Sie sich mit dem neuen Haftungsausschluss einverstanden.<\/p>","protected":false},"excerpt":{"rendered":"<p>Diese Website ist in keiner Weise mit OnlyFans verbunden. Wir sind nicht verantwortlich f\u00fcr den Inhalt von OnlyFans oder die Handlungen seiner Nutzer. Die OnlyFans APK-Download-Links, die auf dieser Website bereitgestellt werden, dienen nur zu Informationszwecken. Wir hosten oder vertreiben die APK-Dateien nicht selbst. Wir empfehlen, dass Sie immer verwenden ... <a title=\"Haftungsausschluss\" class=\"read-more\" href=\"https:\/\/www.ofapp.download\/de\/haftungsausschluss\/\" aria-label=\"Mehr dazu unter Disclaimer\">Weiterlesen<\/a><\/p>","protected":false},"author":1,"featured_media":0,"parent":0,"menu_order":0,"comment_status":"closed","ping_status":"closed","template":"","meta":{"footnotes":""},"class_list":["post-56","page","type-page","status-publish"],"yoast_head":"<!-- This site is optimized with the Yoast SEO plugin v26.9 - https:\/\/yoast.com\/product\/yoast-seo-wordpress\/ -->\n<title>Disclaimer | OnlyFans App<\/title>\n<meta name=\"robots\" content=\"index, follow, max-snippet:-1, max-image-preview:large, max-video-preview:-1\" \/>\n<link rel=\"canonical\" href=\"https:\/\/www.ofapp.download\/de\/haftungsausschluss\/\" \/>\n<meta property=\"og:locale\" content=\"de_DE\" \/>\n<meta property=\"og:type\" content=\"article\" \/>\n<meta property=\"og:title\" content=\"Disclaimer | OnlyFans App\" \/>\n<meta property=\"og:description\" content=\"This website is not affiliated with OnlyFans in any way. We are not responsible for the content of OnlyFans or the actions of its users. The OnlyFans APK download links provided on this website are for informational purposes only. We do not host or distribute the APK files ourselves. We recommend that you always use ... Weiterlesen\" \/>\n<meta property=\"og:url\" content=\"https:\/\/www.ofapp.download\/de\/haftungsausschluss\/\" \/>\n<meta property=\"og:site_name\" content=\"OnlyFans App\" \/>\n<meta property=\"article:modified_time\" content=\"2026-02-15T19:26:56+00:00\" \/>\n<meta name=\"twitter:card\" content=\"summary_large_image\" \/>\n<meta name=\"twitter:label1\" content=\"Gesch\u00e4tzte Lesezeit\" \/>\n\t<meta name=\"twitter:data1\" content=\"1\u00a0Minute\" \/>\n<script type=\"application\/ld+json\" class=\"yoast-schema-graph\">{\"@context\":\"https:\/\/schema.org\",\"@graph\":[{\"@type\":\"WebPage\",\"@id\":\"https:\/\/www.ofapp.download\/disclaimer\/\",\"url\":\"https:\/\/www.ofapp.download\/disclaimer\/\",\"name\":\"Disclaimer | OnlyFans App\",\"isPartOf\":{\"@id\":\"https:\/\/www.ofapp.download\/#website\"},\"datePublished\":\"2023-09-05T19:04:23+00:00\",\"dateModified\":\"2026-02-15T19:26:56+00:00\",\"breadcrumb\":{\"@id\":\"https:\/\/www.ofapp.download\/disclaimer\/#breadcrumb\"},\"inLanguage\":\"de\",\"potentialAction\":[{\"@type\":\"ReadAction\",\"target\":[\"https:\/\/www.ofapp.download\/disclaimer\/\"]}]},{\"@type\":\"BreadcrumbList\",\"@id\":\"https:\/\/www.ofapp.download\/disclaimer\/#breadcrumb\",\"itemListElement\":[{\"@type\":\"ListItem\",\"position\":1,\"name\":\"Home\",\"item\":\"https:\/\/www.ofapp.download\/\"},{\"@type\":\"ListItem\",\"position\":2,\"name\":\"Disclaimer\"}]},{\"@type\":\"WebSite\",\"@id\":\"https:\/\/www.ofapp.download\/#website\",\"url\":\"https:\/\/www.ofapp.download\/\",\"name\":\"OnlyFans App\",\"description\":\"Download right now OnlyFans App!\",\"publisher\":{\"@id\":\"https:\/\/www.ofapp.download\/#organization\"},\"alternateName\":\"OnlyFans\",\"potentialAction\":[{\"@type\":\"SearchAction\",\"target\":{\"@type\":\"EntryPoint\",\"urlTemplate\":\"https:\/\/www.ofapp.download\/?s={search_term_string}\"},\"query-input\":{\"@type\":\"PropertyValueSpecification\",\"valueRequired\":true,\"valueName\":\"search_term_string\"}}],\"inLanguage\":\"de\"},{\"@type\":\"Organization\",\"@id\":\"https:\/\/www.ofapp.download\/#organization\",\"name\":\"OnlyFans App\",\"alternateName\":\"OnlyFans\",\"url\":\"https:\/\/www.ofapp.download\/\",\"logo\":{\"@type\":\"ImageObject\",\"inLanguage\":\"de\",\"@id\":\"https:\/\/www.ofapp.download\/#\/schema\/logo\/image\/\",\"url\":\"https:\/\/www.onlyfansapp.download\/wp-content\/uploads\/OnlyFans-App-Icon.png\",\"contentUrl\":\"https:\/\/www.onlyfansapp.download\/wp-content\/uploads\/OnlyFans-App-Icon.png\",\"width\":512,\"height\":512,\"caption\":\"OnlyFans App\"},\"image\":{\"@id\":\"https:\/\/www.ofapp.download\/#\/schema\/logo\/image\/\"}}]}<\/script>\n<!-- \/ Yoast SEO plugin. -->","yoast_head_json":{"title":"Haftungsausschluss | OnlyFans App","robots":{"index":"index","follow":"follow","max-snippet":"max-snippet:-1","max-image-preview":"max-image-preview:large","max-video-preview":"max-video-preview:-1"},"canonical":"https:\/\/www.ofapp.download\/de\/haftungsausschluss\/","og_locale":"de_DE","og_type":"article","og_title":"Disclaimer | OnlyFans App","og_description":"This website is not affiliated with OnlyFans in any way. We are not responsible for the content of OnlyFans or the actions of its users. The OnlyFans APK download links provided on this website are for informational purposes only. We do not host or distribute the APK files ourselves. We recommend that you always use ... Weiterlesen","og_url":"https:\/\/www.ofapp.download\/de\/haftungsausschluss\/","og_site_name":"OnlyFans App","article_modified_time":"2026-02-15T19:26:56+00:00","twitter_card":"summary_large_image","twitter_misc":{"Gesch\u00e4tzte Lesezeit":"1\u00a0Minute"},"schema":{"@context":"https:\/\/schema.org","@graph":[{"@type":"WebPage","@id":"https:\/\/www.ofapp.download\/disclaimer\/","url":"https:\/\/www.ofapp.download\/disclaimer\/","name":"Haftungsausschluss | OnlyFans App","isPartOf":{"@id":"https:\/\/www.ofapp.download\/#website"},"datePublished":"2023-09-05T19:04:23+00:00","dateModified":"2026-02-15T19:26:56+00:00","breadcrumb":{"@id":"https:\/\/www.ofapp.download\/disclaimer\/#breadcrumb"},"inLanguage":"de","potentialAction":[{"@type":"ReadAction","target":["https:\/\/www.ofapp.download\/disclaimer\/"]}]},{"@type":"BreadcrumbList","@id":"https:\/\/www.ofapp.download\/disclaimer\/#breadcrumb","itemListElement":[{"@type":"ListItem","position":1,"name":"Home","item":"https:\/\/www.ofapp.download\/"},{"@type":"ListItem","position":2,"name":"Disclaimer"}]},{"@type":"WebSite","@id":"https:\/\/www.ofapp.download\/#website","url":"https:\/\/www.ofapp.download\/","name":"OnlyFans App","description":"Laden Sie jetzt die OnlyFans App herunter!","publisher":{"@id":"https:\/\/www.ofapp.download\/#organization"},"alternateName":"OnlyFans","potentialAction":[{"@type":"SearchAction","target":{"@type":"EntryPoint","urlTemplate":"https:\/\/www.ofapp.download\/?s={search_term_string}"},"query-input":{"@type":"PropertyValueSpecification","valueRequired":true,"valueName":"search_term_string"}}],"inLanguage":"de"},{"@type":"Organization","@id":"https:\/\/www.ofapp.download\/#organization","name":"OnlyFans App","alternateName":"OnlyFans","url":"https:\/\/www.ofapp.download\/","logo":{"@type":"ImageObject","inLanguage":"de","@id":"https:\/\/www.ofapp.download\/#\/schema\/logo\/image\/","url":"https:\/\/www.onlyfansapp.download\/wp-content\/uploads\/OnlyFans-App-Icon.png","contentUrl":"https:\/\/www.onlyfansapp.download\/wp-content\/uploads\/OnlyFans-App-Icon.png","width":512,"height":512,"caption":"OnlyFans App"},"image":{"@id":"https:\/\/www.ofapp.download\/#\/schema\/logo\/image\/"}}]}},"_links":{"self":[{"href":"https:\/\/www.ofapp.download\/de\/wp-json\/wp\/v2\/pages\/56","targetHints":{"allow":["GET"]}}],"collection":[{"href":"https:\/\/www.ofapp.download\/de\/wp-json\/wp\/v2\/pages"}],"about":[{"href":"https:\/\/www.ofapp.download\/de\/wp-json\/wp\/v2\/types\/page"}],"author":[{"embeddable":true,"href":"https:\/\/www.ofapp.download\/de\/wp-json\/wp\/v2\/users\/1"}],"replies":[{"embeddable":true,"href":"https:\/\/www.ofapp.download\/de\/wp-json\/wp\/v2\/comments?post=56"}],"version-history":[{"count":2,"href":"https:\/\/www.ofapp.download\/de\/wp-json\/wp\/v2\/pages\/56\/revisions"}],"predecessor-version":[{"id":94,"href":"https:\/\/www.ofapp.download\/de\/wp-json\/wp\/v2\/pages\/56\/revisions\/94"}],"wp:attachment":[{"href":"https:\/\/www.ofapp.download\/de\/wp-json\/wp\/v2\/media?parent=56"}],"curies":[{"name":"wp","href":"https:\/\/api.w.org\/{rel}","templated":true}]}}