{"id":46,"date":"2023-09-05T18:57:19","date_gmt":"2023-09-05T18:57:19","guid":{"rendered":"https:\/\/www.onlyfansapp.download\/?page_id=46"},"modified":"2026-02-15T18:42:46","modified_gmt":"2026-02-15T18:42:46","slug":"uber-uns","status":"publish","type":"page","link":"https:\/\/www.ofapp.download\/de\/uber-uns\/","title":{"rendered":"\u00dcber uns"},"content":{"rendered":"<p><a href=\"\/de\/\">oapp.download<\/a> ist eine Website, die Links zum Herunterladen der OnlyFans-App f\u00fcr Android bereitstellt. Wir sind in keiner Weise mit OnlyFans verbunden und wir hosten oder speichern keinen der Inhalte der App. Unser Ziel ist es, den Nutzern eine bequeme M\u00f6glichkeit zu bieten, die OnlyFans-App herunterzuladen, damit sie auf deren Inhalte zugreifen k\u00f6nnen.<\/p>\n\n\n\n<p>Wir teilen nur Links zu sicheren und verifizierten APK-Dateien. Wir scannen alle unsere Links, bevor sie ver\u00f6ffentlicht werden, um sicherzustellen, dass sie frei von Malware und anderen b\u00f6sartigen Inhalten sind. Wir unternehmen auch Schritte, um Ihre Privatsph\u00e4re zu sch\u00fctzen. <\/p>\n\n\n\n<p>Wir sammeln keine pers\u00f6nlichen Informationen von unseren Nutzern und wir verfolgen Ihre Surfaktivit\u00e4ten nicht.<\/p>\n\n\n\n<p>Wir hoffen, dass der OnlyFans APK Download f\u00fcr Sie eine n\u00fctzliche Ressource ist. Wenn Sie Fragen oder Feedback haben, wenden Sie sich bitte an <a href=\"\/de\/contact us\/\">Kontaktieren Sie uns<\/a>.<\/p>","protected":false},"excerpt":{"rendered":"<p>oapp.download ist eine Website, die Links zum Herunterladen der OnlyFans-App f\u00fcr Android bereitstellt. Wir sind in keiner Weise mit OnlyFans verbunden und wir hosten oder speichern keinen der Inhalte der App. Unser Ziel ist es, den Nutzern eine bequeme M\u00f6glichkeit zu bieten, die OnlyFans-App herunterzuladen, damit sie auf ... <a title=\"\u00dcber uns\" class=\"read-more\" href=\"https:\/\/www.ofapp.download\/de\/uber-uns\/\" aria-label=\"Mehr dazu unter About Us\">Weiterlesen<\/a><\/p>","protected":false},"author":1,"featured_media":0,"parent":0,"menu_order":0,"comment_status":"closed","ping_status":"closed","template":"","meta":{"footnotes":""},"class_list":["post-46","page","type-page","status-publish"],"yoast_head":"<!-- This site is optimized with the Yoast SEO plugin v26.9 - https:\/\/yoast.com\/product\/yoast-seo-wordpress\/ -->\n<title>About Us | OnlyFans App<\/title>\n<meta name=\"robots\" content=\"index, follow, max-snippet:-1, max-image-preview:large, max-video-preview:-1\" \/>\n<link rel=\"canonical\" href=\"https:\/\/www.ofapp.download\/de\/uber-uns\/\" \/>\n<meta property=\"og:locale\" content=\"de_DE\" \/>\n<meta property=\"og:type\" content=\"article\" \/>\n<meta property=\"og:title\" content=\"About Us | OnlyFans App\" \/>\n<meta property=\"og:description\" content=\"oapp.download is a website that provides links to download the OnlyFans app for Android. We are not affiliated with OnlyFans in any way, and we do not host or store any of the app&#8217;s content. Our goal is to provide a convenient way for users to download the OnlyFans app so that they can access ... Weiterlesen\" \/>\n<meta property=\"og:url\" content=\"https:\/\/www.ofapp.download\/de\/uber-uns\/\" \/>\n<meta property=\"og:site_name\" content=\"OnlyFans App\" \/>\n<meta property=\"article:modified_time\" content=\"2026-02-15T18:42:46+00:00\" \/>\n<meta name=\"twitter:card\" content=\"summary_large_image\" \/>\n<meta name=\"twitter:label1\" content=\"Gesch\u00e4tzte Lesezeit\" \/>\n\t<meta name=\"twitter:data1\" content=\"1\u00a0Minute\" \/>\n<script type=\"application\/ld+json\" class=\"yoast-schema-graph\">{\"@context\":\"https:\/\/schema.org\",\"@graph\":[{\"@type\":\"WebPage\",\"@id\":\"https:\/\/www.ofapp.download\/about-us\/\",\"url\":\"https:\/\/www.ofapp.download\/about-us\/\",\"name\":\"About Us | OnlyFans App\",\"isPartOf\":{\"@id\":\"https:\/\/www.ofapp.download\/#website\"},\"datePublished\":\"2023-09-05T18:57:19+00:00\",\"dateModified\":\"2026-02-15T18:42:46+00:00\",\"breadcrumb\":{\"@id\":\"https:\/\/www.ofapp.download\/about-us\/#breadcrumb\"},\"inLanguage\":\"de\",\"potentialAction\":[{\"@type\":\"ReadAction\",\"target\":[\"https:\/\/www.ofapp.download\/about-us\/\"]}]},{\"@type\":\"BreadcrumbList\",\"@id\":\"https:\/\/www.ofapp.download\/about-us\/#breadcrumb\",\"itemListElement\":[{\"@type\":\"ListItem\",\"position\":1,\"name\":\"Home\",\"item\":\"https:\/\/www.ofapp.download\/\"},{\"@type\":\"ListItem\",\"position\":2,\"name\":\"About Us\"}]},{\"@type\":\"WebSite\",\"@id\":\"https:\/\/www.ofapp.download\/#website\",\"url\":\"https:\/\/www.ofapp.download\/\",\"name\":\"OnlyFans App\",\"description\":\"Download right now OnlyFans App!\",\"publisher\":{\"@id\":\"https:\/\/www.ofapp.download\/#organization\"},\"alternateName\":\"OnlyFans\",\"potentialAction\":[{\"@type\":\"SearchAction\",\"target\":{\"@type\":\"EntryPoint\",\"urlTemplate\":\"https:\/\/www.ofapp.download\/?s={search_term_string}\"},\"query-input\":{\"@type\":\"PropertyValueSpecification\",\"valueRequired\":true,\"valueName\":\"search_term_string\"}}],\"inLanguage\":\"de\"},{\"@type\":\"Organization\",\"@id\":\"https:\/\/www.ofapp.download\/#organization\",\"name\":\"OnlyFans App\",\"alternateName\":\"OnlyFans\",\"url\":\"https:\/\/www.ofapp.download\/\",\"logo\":{\"@type\":\"ImageObject\",\"inLanguage\":\"de\",\"@id\":\"https:\/\/www.ofapp.download\/#\/schema\/logo\/image\/\",\"url\":\"https:\/\/www.onlyfansapp.download\/wp-content\/uploads\/OnlyFans-App-Icon.png\",\"contentUrl\":\"https:\/\/www.onlyfansapp.download\/wp-content\/uploads\/OnlyFans-App-Icon.png\",\"width\":512,\"height\":512,\"caption\":\"OnlyFans App\"},\"image\":{\"@id\":\"https:\/\/www.ofapp.download\/#\/schema\/logo\/image\/\"}}]}<\/script>\n<!-- \/ Yoast SEO plugin. -->","yoast_head_json":{"title":"\u00dcber uns | OnlyFans App","robots":{"index":"index","follow":"follow","max-snippet":"max-snippet:-1","max-image-preview":"max-image-preview:large","max-video-preview":"max-video-preview:-1"},"canonical":"https:\/\/www.ofapp.download\/de\/uber-uns\/","og_locale":"de_DE","og_type":"article","og_title":"About Us | OnlyFans App","og_description":"oapp.download is a website that provides links to download the OnlyFans app for Android. We are not affiliated with OnlyFans in any way, and we do not host or store any of the app&#8217;s content. Our goal is to provide a convenient way for users to download the OnlyFans app so that they can access ... Weiterlesen","og_url":"https:\/\/www.ofapp.download\/de\/uber-uns\/","og_site_name":"OnlyFans App","article_modified_time":"2026-02-15T18:42:46+00:00","twitter_card":"summary_large_image","twitter_misc":{"Gesch\u00e4tzte Lesezeit":"1\u00a0Minute"},"schema":{"@context":"https:\/\/schema.org","@graph":[{"@type":"WebPage","@id":"https:\/\/www.ofapp.download\/about-us\/","url":"https:\/\/www.ofapp.download\/about-us\/","name":"\u00dcber uns | OnlyFans App","isPartOf":{"@id":"https:\/\/www.ofapp.download\/#website"},"datePublished":"2023-09-05T18:57:19+00:00","dateModified":"2026-02-15T18:42:46+00:00","breadcrumb":{"@id":"https:\/\/www.ofapp.download\/about-us\/#breadcrumb"},"inLanguage":"de","potentialAction":[{"@type":"ReadAction","target":["https:\/\/www.ofapp.download\/about-us\/"]}]},{"@type":"BreadcrumbList","@id":"https:\/\/www.ofapp.download\/about-us\/#breadcrumb","itemListElement":[{"@type":"ListItem","position":1,"name":"Home","item":"https:\/\/www.ofapp.download\/"},{"@type":"ListItem","position":2,"name":"About Us"}]},{"@type":"WebSite","@id":"https:\/\/www.ofapp.download\/#website","url":"https:\/\/www.ofapp.download\/","name":"OnlyFans App","description":"Laden Sie jetzt die OnlyFans App herunter!","publisher":{"@id":"https:\/\/www.ofapp.download\/#organization"},"alternateName":"OnlyFans","potentialAction":[{"@type":"SearchAction","target":{"@type":"EntryPoint","urlTemplate":"https:\/\/www.ofapp.download\/?s={search_term_string}"},"query-input":{"@type":"PropertyValueSpecification","valueRequired":true,"valueName":"search_term_string"}}],"inLanguage":"de"},{"@type":"Organization","@id":"https:\/\/www.ofapp.download\/#organization","name":"OnlyFans App","alternateName":"OnlyFans","url":"https:\/\/www.ofapp.download\/","logo":{"@type":"ImageObject","inLanguage":"de","@id":"https:\/\/www.ofapp.download\/#\/schema\/logo\/image\/","url":"https:\/\/www.onlyfansapp.download\/wp-content\/uploads\/OnlyFans-App-Icon.png","contentUrl":"https:\/\/www.onlyfansapp.download\/wp-content\/uploads\/OnlyFans-App-Icon.png","width":512,"height":512,"caption":"OnlyFans App"},"image":{"@id":"https:\/\/www.ofapp.download\/#\/schema\/logo\/image\/"}}]}},"_links":{"self":[{"href":"https:\/\/www.ofapp.download\/de\/wp-json\/wp\/v2\/pages\/46","targetHints":{"allow":["GET"]}}],"collection":[{"href":"https:\/\/www.ofapp.download\/de\/wp-json\/wp\/v2\/pages"}],"about":[{"href":"https:\/\/www.ofapp.download\/de\/wp-json\/wp\/v2\/types\/page"}],"author":[{"embeddable":true,"href":"https:\/\/www.ofapp.download\/de\/wp-json\/wp\/v2\/users\/1"}],"replies":[{"embeddable":true,"href":"https:\/\/www.ofapp.download\/de\/wp-json\/wp\/v2\/comments?post=46"}],"version-history":[{"count":2,"href":"https:\/\/www.ofapp.download\/de\/wp-json\/wp\/v2\/pages\/46\/revisions"}],"predecessor-version":[{"id":124,"href":"https:\/\/www.ofapp.download\/de\/wp-json\/wp\/v2\/pages\/46\/revisions\/124"}],"wp:attachment":[{"href":"https:\/\/www.ofapp.download\/de\/wp-json\/wp\/v2\/media?parent=46"}],"curies":[{"name":"wp","href":"https:\/\/api.w.org\/{rel}","templated":true}]}}